{"id":10577,"date":"2023-07-26T12:48:21","date_gmt":"2023-07-26T12:48:21","guid":{"rendered":"https:\/\/groupepec.com\/blog-copy\/"},"modified":"2025-06-19T10:29:58","modified_gmt":"2025-06-19T10:29:58","slug":"actualites","status":"publish","type":"page","link":"https:\/\/groupepec.com\/en\/actualites\/","title":{"rendered":"Latest News"},"content":{"rendered":"<div data-elementor-type=\"wp-page\" data-elementor-id=\"10577\" class=\"elementor elementor-10577\">\n\t\t\t\t\t\t<section class=\"elementor-section elementor-top-section elementor-element elementor-element-2f0ddeb elementor-section-boxed elementor-section-height-default elementor-section-height-default qodef-elementor-content-no\" data-id=\"2f0ddeb\" data-element_type=\"section\">\n\t\t\t\t\t\t<div class=\"elementor-container elementor-column-gap-default\">\n\t\t\t\t\t<div class=\"elementor-column elementor-col-33 elementor-top-column elementor-element elementor-element-be1b31e\" data-id=\"be1b31e\" data-element_type=\"column\">\n\t\t\t<div class=\"elementor-widget-wrap elementor-element-populated\">\n\t\t\t\t\t\t<div class=\"elementor-element elementor-element-77cfdde elementor-widget elementor-widget-html\" data-id=\"77cfdde\" data-element_type=\"widget\" data-widget_type=\"html.default\">\n\t\t\t\t<div class=\"elementor-widget-container\">\n\t\t\t\t\t<a href=\"https:\/\/groupepec.com\/en\/la-journee-de-reconnaissance\/\"><img decoding=\"async\" src=\"https:\/\/groupepec.com\/wp-content\/uploads\/2025\/06\/La-journee-de-reconnaissance.jpg\"><\/a>\r\n<p style=\"color: #E2161C;text-align:center;font-weight: 600;\">19-06-2025<\/p>\r\n<h3 style=\"text-align:center;\"><a style=\"    font-size: 19px;\" href=\"https:\/\/groupepec.com\/en\/la-journee-de-reconnaissance\/\">Mr. Recognition Day<\/a>\r\n<\/h3>\t\t\t\t<\/div>\n\t\t\t\t<\/div>\n\t\t\t\t\t<\/div>\n\t\t<\/div>\n\t\t\t\t<div class=\"elementor-column elementor-col-33 elementor-top-column elementor-element elementor-element-7341676\" data-id=\"7341676\" data-element_type=\"column\">\n\t\t\t<div class=\"elementor-widget-wrap elementor-element-populated\">\n\t\t\t\t\t\t<div class=\"elementor-element elementor-element-92d6e05 elementor-widget elementor-widget-html\" data-id=\"92d6e05\" data-element_type=\"widget\" data-widget_type=\"html.default\">\n\t\t\t\t<div class=\"elementor-widget-container\">\n\t\t\t\t\t<a href=\"https:\/\/groupepec.com\/en\/m-imed-charfeddine-acteur-cle-de-la-transition-automobile-en-tunisie\/\"><img decoding=\"async\" src=\"https:\/\/groupepec.com\/wp-content\/uploads\/2025\/06\/Imed-Charfeddine.jpg\"><\/a>\r\n<p style=\"color: #E2161C;text-align:center;font-weight: 600;\">18-05-2025<\/p>\r\n<h3 style=\"text-align:center;\"><a style=\"    font-size: 19px;\" href=\"https:\/\/groupepec.com\/en\/m-imed-charfeddine-acteur-cle-de-la-transition-automobile-en-tunisie\/\">Mr. Imed Charfeddine, key player in the automotive transition in Tunisia<\/a>\r\n<\/h3>\t\t\t\t<\/div>\n\t\t\t\t<\/div>\n\t\t\t\t\t<\/div>\n\t\t<\/div>\n\t\t\t\t<div class=\"elementor-column elementor-col-33 elementor-top-column elementor-element elementor-element-a25e999\" data-id=\"a25e999\" data-element_type=\"column\">\n\t\t\t<div class=\"elementor-widget-wrap elementor-element-populated\">\n\t\t\t\t\t\t<div class=\"elementor-element elementor-element-f069180 elementor-widget elementor-widget-html\" data-id=\"f069180\" data-element_type=\"widget\" data-widget_type=\"html.default\">\n\t\t\t\t<div class=\"elementor-widget-container\">\n\t\t\t\t\t<a href=\"https:\/\/groupepec.com\/en\/pec-savoie-au-coeur-dun-projet-innovant-dassemblage-electromecanique\/\"><img decoding=\"async\" src=\"https:\/\/groupepec.com\/wp-content\/uploads\/2023\/07\/10-Second-Nails-1.png\"><\/a>\r\n<p style=\"color: #E2161C;text-align:center;font-weight: 600;\">27-07-2023<\/p>\r\n<h3 style=\"text-align:center;\"><a style=\"    font-size: 19px;\" href=\"https:\/\/groupepec.com\/en\/pec-savoie-au-coeur-dun-projet-innovant-dassemblage-electromecanique\/\">PEC Savoie at the heart of an innovative electromechanical assembly project<\/a>\r\n<\/h3>\t\t\t\t<\/div>\n\t\t\t\t<\/div>\n\t\t\t\t\t<\/div>\n\t\t<\/div>\n\t\t\t\t\t<\/div>\n\t\t<\/section>\n\t\t\t\t<\/div>","protected":false},"excerpt":{"rendered":"<p>19-06-2025 M. La Journ\u00e9e de reconnaissance 18-05-2025 M. Imed Charfeddine, acteur cl\u00e9 de la transition automobile en Tunisie 27-07-2023 PEC Savoie au c\u0153ur d&rsquo;un projet innovant d&rsquo;assemblage \u00e9lectrom\u00e9canique<\/p>","protected":false},"author":1,"featured_media":0,"parent":0,"menu_order":0,"comment_status":"closed","ping_status":"closed","template":"","meta":{"footnotes":""},"class_list":["post-10577","page","type-page","status-publish","hentry"],"aioseo_notices":[],"_links":{"self":[{"href":"https:\/\/groupepec.com\/en\/wp-json\/wp\/v2\/pages\/10577","targetHints":{"allow":["GET"]}}],"collection":[{"href":"https:\/\/groupepec.com\/en\/wp-json\/wp\/v2\/pages"}],"about":[{"href":"https:\/\/groupepec.com\/en\/wp-json\/wp\/v2\/types\/page"}],"author":[{"embeddable":true,"href":"https:\/\/groupepec.com\/en\/wp-json\/wp\/v2\/users\/1"}],"replies":[{"embeddable":true,"href":"https:\/\/groupepec.com\/en\/wp-json\/wp\/v2\/comments?post=10577"}],"version-history":[{"count":18,"href":"https:\/\/groupepec.com\/en\/wp-json\/wp\/v2\/pages\/10577\/revisions"}],"predecessor-version":[{"id":11613,"href":"https:\/\/groupepec.com\/en\/wp-json\/wp\/v2\/pages\/10577\/revisions\/11613"}],"wp:attachment":[{"href":"https:\/\/groupepec.com\/en\/wp-json\/wp\/v2\/media?parent=10577"}],"curies":[{"name":"wp","href":"https:\/\/api.w.org\/{rel}","templated":true}]}}