{"id":10584,"date":"2023-07-26T13:22:36","date_gmt":"2023-07-26T13:22:36","guid":{"rendered":"https:\/\/groupepec.com\/?page_id=10584"},"modified":"2023-08-14T15:02:54","modified_gmt":"2023-08-14T15:02:54","slug":"pec-savoie-au-coeur-dun-projet-innovant-dassemblage-electromecanique","status":"publish","type":"page","link":"https:\/\/groupepec.com\/en\/pec-savoie-au-coeur-dun-projet-innovant-dassemblage-electromecanique\/","title":{"rendered":"PEC Savoie at the heart of an innovative electromechanical assembly project"},"content":{"rendered":"<div data-elementor-type=\"wp-page\" data-elementor-id=\"10584\" class=\"elementor elementor-10584\">\n\t\t\t\t\t\t<section class=\"elementor-section elementor-top-section elementor-element elementor-element-100ceca elementor-section-boxed elementor-section-height-default elementor-section-height-default qodef-elementor-content-no\" data-id=\"100ceca\" data-element_type=\"section\">\n\t\t\t\t\t\t<div class=\"elementor-container elementor-column-gap-default\">\n\t\t\t\t\t<div class=\"elementor-column elementor-col-33 elementor-top-column elementor-element elementor-element-b3e93e9\" data-id=\"b3e93e9\" data-element_type=\"column\">\n\t\t\t<div class=\"elementor-widget-wrap\">\n\t\t\t\t\t\t\t<\/div>\n\t\t<\/div>\n\t\t\t\t<div class=\"elementor-column elementor-col-33 elementor-top-column elementor-element elementor-element-b3c726a\" data-id=\"b3c726a\" data-element_type=\"column\">\n\t\t\t<div class=\"elementor-widget-wrap elementor-element-populated\">\n\t\t\t\t\t\t<div class=\"elementor-element elementor-element-56d6b1f elementor-widget elementor-widget-image\" data-id=\"56d6b1f\" data-element_type=\"widget\" data-widget_type=\"image.default\">\n\t\t\t\t<div class=\"elementor-widget-container\">\n\t\t\t\t\t\t\t\t\t\t\t\t\t\t\t<img fetchpriority=\"high\" decoding=\"async\" width=\"400\" height=\"265\" src=\"https:\/\/groupepec.com\/wp-content\/uploads\/2023\/07\/10-Second-Nails-1.png\" class=\"attachment-large size-large wp-image-10580\" alt=\"\" srcset=\"https:\/\/groupepec.com\/wp-content\/uploads\/2023\/07\/10-Second-Nails-1.png 400w, https:\/\/groupepec.com\/wp-content\/uploads\/2023\/07\/10-Second-Nails-1-300x199.png 300w\" sizes=\"(max-width: 400px) 100vw, 400px\" \/>\t\t\t\t\t\t\t\t\t\t\t\t\t\t\t<\/div>\n\t\t\t\t<\/div>\n\t\t\t\t\t<\/div>\n\t\t<\/div>\n\t\t\t\t<div class=\"elementor-column elementor-col-33 elementor-top-column elementor-element elementor-element-6bb6280\" data-id=\"6bb6280\" data-element_type=\"column\">\n\t\t\t<div class=\"elementor-widget-wrap\">\n\t\t\t\t\t\t\t<\/div>\n\t\t<\/div>\n\t\t\t\t\t<\/div>\n\t\t<\/section>\n\t\t\t\t<section class=\"elementor-section elementor-top-section elementor-element elementor-element-0bd3d9c elementor-section-boxed elementor-section-height-default elementor-section-height-default qodef-elementor-content-no\" data-id=\"0bd3d9c\" data-element_type=\"section\">\n\t\t\t\t\t\t<div class=\"elementor-container elementor-column-gap-default\">\n\t\t\t\t\t<div class=\"elementor-column elementor-col-100 elementor-top-column elementor-element elementor-element-3f6d381\" data-id=\"3f6d381\" data-element_type=\"column\">\n\t\t\t<div class=\"elementor-widget-wrap elementor-element-populated\">\n\t\t\t\t\t\t<div class=\"elementor-element elementor-element-2fa5394 elementor-widget elementor-widget-heading\" data-id=\"2fa5394\" data-element_type=\"widget\" data-widget_type=\"heading.default\">\n\t\t\t\t<div class=\"elementor-widget-container\">\n\t\t\t\t\t<span class=\"elementor-heading-title elementor-size-default\">27-07-2023<\/span>\t\t\t\t<\/div>\n\t\t\t\t<\/div>\n\t\t\t\t\t<\/div>\n\t\t<\/div>\n\t\t\t\t\t<\/div>\n\t\t<\/section>\n\t\t\t\t<section class=\"elementor-section elementor-top-section elementor-element elementor-element-eaa510e elementor-section-boxed elementor-section-height-default elementor-section-height-default qodef-elementor-content-no\" data-id=\"eaa510e\" data-element_type=\"section\">\n\t\t\t\t\t\t<div class=\"elementor-container elementor-column-gap-default\">\n\t\t\t\t\t<div class=\"elementor-column elementor-col-100 elementor-top-column elementor-element elementor-element-6bf44c4\" data-id=\"6bf44c4\" data-element_type=\"column\">\n\t\t\t<div class=\"elementor-widget-wrap elementor-element-populated\">\n\t\t\t\t\t\t<div class=\"elementor-element elementor-element-9f44ad5 elementor-widget elementor-widget-text-editor\" data-id=\"9f44ad5\" data-element_type=\"widget\" data-widget_type=\"text-editor.default\">\n\t\t\t\t<div class=\"elementor-widget-container\">\n\t\t\t\t\t\t\t\t\tThanks to its unrivalled expertise and proven experience in mechanical and electromechanical assembly <b><a style=\"color: #e2161c;\" href=\"https:\/\/groupepec.com\/en\/pec-savoie\/\">PEC Savoie<\/a><\/b> played a key role, as an active part in the design and development within the PEC GROUP and especially in the development of an innovative product: <b>10 Second Nails.<\/b>.\n<br><br>\n\n<b>10 Second Nails.<\/b> is a rechargeable cosmetic device, which allows for a quick and acetone free removal of nail polish.\n<br><br>\nWithin a team dedicated to pushing the boundaries of innovation in industry, <b><a style=\"color: #e2161c;\" href=\"https:\/\/groupepec.com\/en\/pec-savoie\/\">PEC Savoie<\/a><\/b> has distinguished itself by its exceptional contributions. At the heart of this ground-breaking project, the teams were responsible for testing the initial prototypes, a crucial phase to ensure optimal quality and performance of the final product.\n<br><br>\nDuring the assembly process, <b><a style=\"color: #e2161c;\" href=\"https:\/\/groupepec.com\/en\/pec-savoie\/\">PEC Savoie<\/a><\/b> puts into practice its technical knowledge and expertise in the electromechanical field. Each part, each component is handled with care and precision, while respecting strict industry standards.\n<br><br>\nParticipation in the development <b><a style=\"color: #e2161c;\" href=\"https:\/\/groupepec.com\/en\/pec-savoie\/\">PEC Savoie<\/a><\/b> , <b>10 Second Nails.<\/b> demonstrates its commitment to excellence and its willingness to support technological innovation.\t\t\t\t\t\t\t\t<\/div>\n\t\t\t\t<\/div>\n\t\t\t\t\t<\/div>\n\t\t<\/div>\n\t\t\t\t\t<\/div>\n\t\t<\/section>\n\t\t\t\t<\/div>","protected":false},"excerpt":{"rendered":"<p>27-07-2023 Gr\u00e2ce \u00e0 son expertise in\u00e9gal\u00e9e et de son exp\u00e9rience av\u00e9r\u00e9e dans l\u2019assemblage m\u00e9canique et \u00e9lectrom\u00e9canique, PEC Savoie a jou\u00e9 un r\u00f4le cl\u00e9, en tant qu\u2019une partie active dans la conception et le d\u00e9veloppement au sein du GROUPE PEC et sp\u00e9cialement dans le d\u00e9veloppement d&rsquo;un produit innovant : 10 Second Nails. 10 Second Nails est [&hellip;]<\/p>\n","protected":false},"author":1,"featured_media":0,"parent":0,"menu_order":0,"comment_status":"closed","ping_status":"closed","template":"","meta":{"footnotes":""},"class_list":["post-10584","page","type-page","status-publish","hentry"],"aioseo_notices":[],"_links":{"self":[{"href":"https:\/\/groupepec.com\/en\/wp-json\/wp\/v2\/pages\/10584","targetHints":{"allow":["GET"]}}],"collection":[{"href":"https:\/\/groupepec.com\/en\/wp-json\/wp\/v2\/pages"}],"about":[{"href":"https:\/\/groupepec.com\/en\/wp-json\/wp\/v2\/types\/page"}],"author":[{"embeddable":true,"href":"https:\/\/groupepec.com\/en\/wp-json\/wp\/v2\/users\/1"}],"replies":[{"embeddable":true,"href":"https:\/\/groupepec.com\/en\/wp-json\/wp\/v2\/comments?post=10584"}],"version-history":[{"count":19,"href":"https:\/\/groupepec.com\/en\/wp-json\/wp\/v2\/pages\/10584\/revisions"}],"predecessor-version":[{"id":10657,"href":"https:\/\/groupepec.com\/en\/wp-json\/wp\/v2\/pages\/10584\/revisions\/10657"}],"wp:attachment":[{"href":"https:\/\/groupepec.com\/en\/wp-json\/wp\/v2\/media?parent=10584"}],"curies":[{"name":"wp","href":"https:\/\/api.w.org\/{rel}","templated":true}]}}