{"id":11107,"date":"2024-04-01T10:15:24","date_gmt":"2024-04-01T10:15:24","guid":{"rendered":"https:\/\/groupepec.com\/?page_id=11107"},"modified":"2024-04-03T10:53:18","modified_gmt":"2024-04-03T10:53:18","slug":"recrutement-2","status":"publish","type":"page","link":"https:\/\/groupepec.com\/en\/recrutement-2\/","title":{"rendered":"Recruitment"},"content":{"rendered":"<div data-elementor-type=\"wp-page\" data-elementor-id=\"11107\" class=\"elementor elementor-11107\">\n\t\t\t\t\t\t<section class=\"elementor-section elementor-top-section elementor-element elementor-element-2e2ea0a elementor-section-boxed elementor-section-height-default elementor-section-height-default qodef-elementor-content-no\" data-id=\"2e2ea0a\" data-element_type=\"section\">\n\t\t\t\t\t\t<div class=\"elementor-container elementor-column-gap-default\">\n\t\t\t\t\t<div class=\"elementor-column elementor-col-100 elementor-top-column elementor-element elementor-element-4df8fe5\" data-id=\"4df8fe5\" data-element_type=\"column\">\n\t\t\t<div class=\"elementor-widget-wrap elementor-element-populated\">\n\t\t\t\t\t\t<div class=\"elementor-element elementor-element-0b3b623 elementor-widget elementor-widget-heading\" data-id=\"0b3b623\" data-element_type=\"widget\" data-widget_type=\"heading.default\">\n\t\t\t\t<div class=\"elementor-widget-container\">\n\t\t\t\t\t<h2 class=\"elementor-heading-title elementor-size-default\">POUR REJOINDRE GROUPE PEC!<\/h2>\t\t\t\t<\/div>\n\t\t\t\t<\/div>\n\t\t\t\t\t<\/div>\n\t\t<\/div>\n\t\t\t\t\t<\/div>\n\t\t<\/section>\n\t\t\t\t<section class=\"elementor-section elementor-top-section elementor-element elementor-element-51e111b elementor-section-boxed elementor-section-height-default elementor-section-height-default qodef-elementor-content-no\" data-id=\"51e111b\" data-element_type=\"section\">\n\t\t\t\t\t\t<div class=\"elementor-container elementor-column-gap-default\">\n\t\t\t\t\t<div class=\"elementor-column elementor-col-50 elementor-top-column elementor-element elementor-element-6d36d82\" data-id=\"6d36d82\" data-element_type=\"column\" data-settings=\"{&quot;background_background&quot;:&quot;classic&quot;}\">\n\t\t\t<div class=\"elementor-widget-wrap elementor-element-populated\">\n\t\t\t\t\t\t<div class=\"elementor-element elementor-element-594bae7 elementor-widget__width-initial elementor-widget elementor-widget-text-editor\" data-id=\"594bae7\" data-element_type=\"widget\" data-widget_type=\"text-editor.default\">\n\t\t\t\t<div class=\"elementor-widget-container\">\n\t\t\t\t\t\t\t\t\t<h3 style=\"color: #fff;\">OUR JOB OFFERS<\/h3>\n<p>View all opportunities within the Group and<\/p>\n\n<a style=\"color: #e2161c; background: #fff; padding: 1%; margin-left: 32%; border-radius: 4px;\" href=\"https:\/\/groupepec.com\/en\/nos-offres\/\">See all our offers<\/a>\t\t\t\t\t\t\t\t<\/div>\n\t\t\t\t<\/div>\n\t\t\t\t\t<\/div>\n\t\t<\/div>\n\t\t\t\t<div class=\"elementor-column elementor-col-50 elementor-top-column elementor-element elementor-element-b589d8c\" data-id=\"b589d8c\" data-element_type=\"column\">\n\t\t\t<div class=\"elementor-widget-wrap elementor-element-populated\">\n\t\t\t\t\t\t<div class=\"elementor-element elementor-element-5086177 elementor-widget elementor-widget-text-editor\" data-id=\"5086177\" data-element_type=\"widget\" data-widget_type=\"text-editor.default\">\n\t\t\t\t<div class=\"elementor-widget-container\">\n\t\t\t\t\t\t\t\t\t<h3>SPONTANEOUS APPLICATION<\/h3>\n<p style=\"margin-bottom: 7%;\">Submit a speculative application by clicking on this link.<\/p>\n<a style=\"color: #fff; background: #e2161c; padding: 1%; margin: 40%; border-radius: 4px;\" href=\"https:\/\/groupepec.com\/en\/candidature-spontanee\/\">To apply<\/a>\t\t\t\t\t\t\t\t<\/div>\n\t\t\t\t<\/div>\n\t\t\t\t\t<\/div>\n\t\t<\/div>\n\t\t\t\t\t<\/div>\n\t\t<\/section>\n\t\t\t\t<\/div>","protected":false},"excerpt":{"rendered":"<p>POUR REJOINDRE GROUPE PEC! NOS OFFRES D&rsquo;EMPLOI Visualisez l&rsquo;ensemble des opportunit\u00e9s au sein du Groupe et postulez en 1 clic. Voir toutes nos offres CANDIDATURE SPONTANEE D\u00e9posez une candidature spontan\u00e9e en cliquant sur ce lien. Postuler<\/p>","protected":false},"author":1,"featured_media":0,"parent":0,"menu_order":0,"comment_status":"closed","ping_status":"closed","template":"","meta":{"footnotes":""},"class_list":["post-11107","page","type-page","status-publish","hentry"],"aioseo_notices":[],"_links":{"self":[{"href":"https:\/\/groupepec.com\/en\/wp-json\/wp\/v2\/pages\/11107","targetHints":{"allow":["GET"]}}],"collection":[{"href":"https:\/\/groupepec.com\/en\/wp-json\/wp\/v2\/pages"}],"about":[{"href":"https:\/\/groupepec.com\/en\/wp-json\/wp\/v2\/types\/page"}],"author":[{"embeddable":true,"href":"https:\/\/groupepec.com\/en\/wp-json\/wp\/v2\/users\/1"}],"replies":[{"embeddable":true,"href":"https:\/\/groupepec.com\/en\/wp-json\/wp\/v2\/comments?post=11107"}],"version-history":[{"count":70,"href":"https:\/\/groupepec.com\/en\/wp-json\/wp\/v2\/pages\/11107\/revisions"}],"predecessor-version":[{"id":11225,"href":"https:\/\/groupepec.com\/en\/wp-json\/wp\/v2\/pages\/11107\/revisions\/11225"}],"wp:attachment":[{"href":"https:\/\/groupepec.com\/en\/wp-json\/wp\/v2\/media?parent=11107"}],"curies":[{"name":"wp","href":"https:\/\/api.w.org\/{rel}","templated":true}]}}