{"id":11541,"date":"2025-06-19T09:39:02","date_gmt":"2025-06-19T09:39:02","guid":{"rendered":"https:\/\/groupepec.com\/?page_id=11541"},"modified":"2025-06-19T09:57:51","modified_gmt":"2025-06-19T09:57:51","slug":"m-imed-charfeddine-acteur-cle-de-la-transition-automobile-en-tunisie","status":"publish","type":"page","link":"https:\/\/groupepec.com\/en\/m-imed-charfeddine-acteur-cle-de-la-transition-automobile-en-tunisie\/","title":{"rendered":"Mr. Imed Charfeddine, key player in the automotive transition in Tunisia"},"content":{"rendered":"<div data-elementor-type=\"wp-page\" data-elementor-id=\"11541\" class=\"elementor elementor-11541\">\n\t\t\t\t\t\t<section class=\"elementor-section elementor-top-section elementor-element elementor-element-100ceca elementor-section-boxed elementor-section-height-default elementor-section-height-default qodef-elementor-content-no\" data-id=\"100ceca\" data-element_type=\"section\">\n\t\t\t\t\t\t<div class=\"elementor-container elementor-column-gap-default\">\n\t\t\t\t\t<div class=\"elementor-column elementor-col-33 elementor-top-column elementor-element elementor-element-b3e93e9\" data-id=\"b3e93e9\" data-element_type=\"column\">\n\t\t\t<div class=\"elementor-widget-wrap\">\n\t\t\t\t\t\t\t<\/div>\n\t\t<\/div>\n\t\t\t\t<div class=\"elementor-column elementor-col-33 elementor-top-column elementor-element elementor-element-b3c726a\" data-id=\"b3c726a\" data-element_type=\"column\">\n\t\t\t<div class=\"elementor-widget-wrap elementor-element-populated\">\n\t\t\t\t\t\t<div class=\"elementor-element elementor-element-56d6b1f elementor-widget elementor-widget-image\" data-id=\"56d6b1f\" data-element_type=\"widget\" data-widget_type=\"image.default\">\n\t\t\t\t<div class=\"elementor-widget-container\">\n\t\t\t\t\t\t\t\t\t\t\t\t\t\t\t<img fetchpriority=\"high\" decoding=\"async\" width=\"400\" height=\"265\" src=\"https:\/\/groupepec.com\/wp-content\/uploads\/2025\/06\/Imed-Charfeddine.jpg\" class=\"attachment-large size-large wp-image-11543\" alt=\"\" srcset=\"https:\/\/groupepec.com\/wp-content\/uploads\/2025\/06\/Imed-Charfeddine.jpg 400w, https:\/\/groupepec.com\/wp-content\/uploads\/2025\/06\/Imed-Charfeddine-300x199.jpg 300w, https:\/\/groupepec.com\/wp-content\/uploads\/2025\/06\/Imed-Charfeddine-18x12.jpg 18w\" sizes=\"(max-width: 400px) 100vw, 400px\" \/>\t\t\t\t\t\t\t\t\t\t\t\t\t\t\t<\/div>\n\t\t\t\t<\/div>\n\t\t\t\t\t<\/div>\n\t\t<\/div>\n\t\t\t\t<div class=\"elementor-column elementor-col-33 elementor-top-column elementor-element elementor-element-6bb6280\" data-id=\"6bb6280\" data-element_type=\"column\">\n\t\t\t<div class=\"elementor-widget-wrap\">\n\t\t\t\t\t\t\t<\/div>\n\t\t<\/div>\n\t\t\t\t\t<\/div>\n\t\t<\/section>\n\t\t\t\t<section class=\"elementor-section elementor-top-section elementor-element elementor-element-0bd3d9c elementor-section-boxed elementor-section-height-default elementor-section-height-default qodef-elementor-content-no\" data-id=\"0bd3d9c\" data-element_type=\"section\">\n\t\t\t\t\t\t<div class=\"elementor-container elementor-column-gap-default\">\n\t\t\t\t\t<div class=\"elementor-column elementor-col-100 elementor-top-column elementor-element elementor-element-3f6d381\" data-id=\"3f6d381\" data-element_type=\"column\">\n\t\t\t<div class=\"elementor-widget-wrap elementor-element-populated\">\n\t\t\t\t\t\t<div class=\"elementor-element elementor-element-2fa5394 elementor-widget elementor-widget-heading\" data-id=\"2fa5394\" data-element_type=\"widget\" data-widget_type=\"heading.default\">\n\t\t\t\t<div class=\"elementor-widget-container\">\n\t\t\t\t\t<span class=\"elementor-heading-title elementor-size-default\">18-05-2025<\/span>\t\t\t\t<\/div>\n\t\t\t\t<\/div>\n\t\t\t\t\t<\/div>\n\t\t<\/div>\n\t\t\t\t\t<\/div>\n\t\t<\/section>\n\t\t\t\t<section class=\"elementor-section elementor-top-section elementor-element elementor-element-eaa510e elementor-section-boxed elementor-section-height-default elementor-section-height-default qodef-elementor-content-no\" data-id=\"eaa510e\" data-element_type=\"section\">\n\t\t\t\t\t\t<div class=\"elementor-container elementor-column-gap-default\">\n\t\t\t\t\t<div class=\"elementor-column elementor-col-100 elementor-top-column elementor-element elementor-element-6bf44c4\" data-id=\"6bf44c4\" data-element_type=\"column\">\n\t\t\t<div class=\"elementor-widget-wrap elementor-element-populated\">\n\t\t\t\t\t\t<div class=\"elementor-element elementor-element-9f44ad5 elementor-widget elementor-widget-text-editor\" data-id=\"9f44ad5\" data-element_type=\"widget\" data-widget_type=\"text-editor.default\">\n\t\t\t\t<div class=\"elementor-widget-container\">\n\t\t\t\t\t\t\t\t\t<p>Mr. Imed Charfeddine, Founding President of the PEC group and 1st Vice-President of the Tunisian Automotive Association (TAA), recently participated in the Express FM special program entitled:<br \/>\u201cReinventing the automobile: when Tunisia crosses paths with \u00c9QUIP AUTO towards an innovative and sustainable industry\u201d.<br \/>Alongside Philippe Baudin (President of \u00c9QUIP AUTO), Nathalie Jouve (Director of the \u00c9QUIP AUTO show) and Ms. Raja Twil (General Director of the CCITF), Mr. Charfeddine shared his vision for positioning Tunisia as a major player in the automotive industry in Africa and internationally.<br \/><br \/>He stressed the importance of local innovation, product upgrading, sustainability and international ambition to transform the Tunisian industrial ecosystem.<br \/><br \/>PEC is proud to actively contribute to this national dynamic, by collaborating with stakeholders who believe in Tunisia's potential as a strategic industrial hub.<\/p>\t\t\t\t\t\t\t\t<\/div>\n\t\t\t\t<\/div>\n\t\t\t\t\t<\/div>\n\t\t<\/div>\n\t\t\t\t\t<\/div>\n\t\t<\/section>\n\t\t\t\t<section class=\"elementor-section elementor-top-section elementor-element elementor-element-1df7fb6 elementor-section-boxed elementor-section-height-default elementor-section-height-default qodef-elementor-content-no\" data-id=\"1df7fb6\" data-element_type=\"section\">\n\t\t\t\t\t\t<div class=\"elementor-container elementor-column-gap-default\">\n\t\t\t\t\t<div class=\"elementor-column elementor-col-16 elementor-top-column elementor-element elementor-element-d106096\" data-id=\"d106096\" data-element_type=\"column\">\n\t\t\t<div class=\"elementor-widget-wrap\">\n\t\t\t\t\t\t\t<\/div>\n\t\t<\/div>\n\t\t\t\t<div class=\"elementor-column elementor-col-66 elementor-top-column elementor-element elementor-element-db73f5c\" data-id=\"db73f5c\" data-element_type=\"column\">\n\t\t\t<div class=\"elementor-widget-wrap elementor-element-populated\">\n\t\t\t\t\t\t<div class=\"elementor-element elementor-element-2870dad elementor-widget elementor-widget-video\" data-id=\"2870dad\" data-element_type=\"widget\" data-settings=\"{&quot;video_type&quot;:&quot;hosted&quot;,&quot;controls&quot;:&quot;yes&quot;}\" data-widget_type=\"video.default\">\n\t\t\t\t<div class=\"elementor-widget-container\">\n\t\t\t\t\t\t\t<div class=\"e-hosted-video elementor-wrapper elementor-open-inline\">\n\t\t\t\t\t<video class=\"elementor-video\" src=\"https:\/\/groupepec.com\/wp-content\/uploads\/2025\/06\/mr-imed-charfedin-group-pec.mp4\" controls=\"\" preload=\"metadata\" controlslist=\"nodownload\"><\/video>\n\t\t\t\t<\/div>\n\t\t\t\t\t\t<\/div>\n\t\t\t\t<\/div>\n\t\t\t\t\t<\/div>\n\t\t<\/div>\n\t\t\t\t<div class=\"elementor-column elementor-col-16 elementor-top-column elementor-element elementor-element-f04cf9c\" data-id=\"f04cf9c\" data-element_type=\"column\">\n\t\t\t<div class=\"elementor-widget-wrap\">\n\t\t\t\t\t\t\t<\/div>\n\t\t<\/div>\n\t\t\t\t\t<\/div>\n\t\t<\/section>\n\t\t\t\t<\/div>","protected":false},"excerpt":{"rendered":"<p>18-05-2025 M. Imed Charfeddine, Pr\u00e9sident Fondateur du groupe PEC et 1er Vice-Pr\u00e9sident de la Tunisian Automotive Association (TAA), a r\u00e9cemment particip\u00e9 \u00e0 l\u2019\u00e9mission sp\u00e9ciale d\u2019Express FM intitul\u00e9e :\u00ab R\u00e9inventer l\u2019automobile : quand la Tunisie croise la route d\u2019\u00c9QUIP AUTO vers une industrie innovante et durable \u00bb.Aux c\u00f4t\u00e9s de Philippe Baudin (Pr\u00e9sident d\u2019\u00c9QUIP AUTO), Nathalie Jouve [&hellip;]<\/p>\n","protected":false},"author":1,"featured_media":0,"parent":0,"menu_order":0,"comment_status":"closed","ping_status":"closed","template":"","meta":{"footnotes":""},"class_list":["post-11541","page","type-page","status-publish","hentry"],"aioseo_notices":[],"_links":{"self":[{"href":"https:\/\/groupepec.com\/en\/wp-json\/wp\/v2\/pages\/11541","targetHints":{"allow":["GET"]}}],"collection":[{"href":"https:\/\/groupepec.com\/en\/wp-json\/wp\/v2\/pages"}],"about":[{"href":"https:\/\/groupepec.com\/en\/wp-json\/wp\/v2\/types\/page"}],"author":[{"embeddable":true,"href":"https:\/\/groupepec.com\/en\/wp-json\/wp\/v2\/users\/1"}],"replies":[{"embeddable":true,"href":"https:\/\/groupepec.com\/en\/wp-json\/wp\/v2\/comments?post=11541"}],"version-history":[{"count":10,"href":"https:\/\/groupepec.com\/en\/wp-json\/wp\/v2\/pages\/11541\/revisions"}],"predecessor-version":[{"id":11561,"href":"https:\/\/groupepec.com\/en\/wp-json\/wp\/v2\/pages\/11541\/revisions\/11561"}],"wp:attachment":[{"href":"https:\/\/groupepec.com\/en\/wp-json\/wp\/v2\/media?parent=11541"}],"curies":[{"name":"wp","href":"https:\/\/api.w.org\/{rel}","templated":true}]}}