{"id":11570,"date":"2025-06-19T10:16:29","date_gmt":"2025-06-19T10:16:29","guid":{"rendered":"https:\/\/groupepec.com\/?page_id=11570"},"modified":"2025-06-19T10:28:25","modified_gmt":"2025-06-19T10:28:25","slug":"la-journee-de-reconnaissance","status":"publish","type":"page","link":"https:\/\/groupepec.com\/en\/la-journee-de-reconnaissance\/","title":{"rendered":"Recognition Day"},"content":{"rendered":"<div data-elementor-type=\"wp-page\" data-elementor-id=\"11570\" class=\"elementor elementor-11570\">\n\t\t\t\t\t\t<section class=\"elementor-section elementor-top-section elementor-element elementor-element-100ceca elementor-section-boxed elementor-section-height-default elementor-section-height-default qodef-elementor-content-no\" data-id=\"100ceca\" data-element_type=\"section\">\n\t\t\t\t\t\t<div class=\"elementor-container elementor-column-gap-default\">\n\t\t\t\t\t<div class=\"elementor-column elementor-col-33 elementor-top-column elementor-element elementor-element-b3e93e9\" data-id=\"b3e93e9\" data-element_type=\"column\">\n\t\t\t<div class=\"elementor-widget-wrap\">\n\t\t\t\t\t\t\t<\/div>\n\t\t<\/div>\n\t\t\t\t<div class=\"elementor-column elementor-col-33 elementor-top-column elementor-element elementor-element-b3c726a\" data-id=\"b3c726a\" data-element_type=\"column\">\n\t\t\t<div class=\"elementor-widget-wrap elementor-element-populated\">\n\t\t\t\t\t\t<div class=\"elementor-element elementor-element-56d6b1f elementor-widget elementor-widget-image\" data-id=\"56d6b1f\" data-element_type=\"widget\" data-widget_type=\"image.default\">\n\t\t\t\t<div class=\"elementor-widget-container\">\n\t\t\t\t\t\t\t\t\t\t\t\t\t\t\t<img decoding=\"async\" src=\"https:\/\/groupepec.com\/wp-content\/uploads\/2025\/06\/La-journee-de-reconnaissance.jpg\" title=\"\" alt=\"\" loading=\"lazy\" \/>\t\t\t\t\t\t\t\t\t\t\t\t\t\t\t<\/div>\n\t\t\t\t<\/div>\n\t\t\t\t\t<\/div>\n\t\t<\/div>\n\t\t\t\t<div class=\"elementor-column elementor-col-33 elementor-top-column elementor-element elementor-element-6bb6280\" data-id=\"6bb6280\" data-element_type=\"column\">\n\t\t\t<div class=\"elementor-widget-wrap\">\n\t\t\t\t\t\t\t<\/div>\n\t\t<\/div>\n\t\t\t\t\t<\/div>\n\t\t<\/section>\n\t\t\t\t<section class=\"elementor-section elementor-top-section elementor-element elementor-element-0bd3d9c elementor-section-boxed elementor-section-height-default elementor-section-height-default qodef-elementor-content-no\" data-id=\"0bd3d9c\" data-element_type=\"section\">\n\t\t\t\t\t\t<div class=\"elementor-container elementor-column-gap-default\">\n\t\t\t\t\t<div class=\"elementor-column elementor-col-100 elementor-top-column elementor-element elementor-element-3f6d381\" data-id=\"3f6d381\" data-element_type=\"column\">\n\t\t\t<div class=\"elementor-widget-wrap elementor-element-populated\">\n\t\t\t\t\t\t<div class=\"elementor-element elementor-element-2fa5394 elementor-widget elementor-widget-heading\" data-id=\"2fa5394\" data-element_type=\"widget\" data-widget_type=\"heading.default\">\n\t\t\t\t<div class=\"elementor-widget-container\">\n\t\t\t\t\t<span class=\"elementor-heading-title elementor-size-default\">19-06-2025<\/span>\t\t\t\t<\/div>\n\t\t\t\t<\/div>\n\t\t\t\t\t<\/div>\n\t\t<\/div>\n\t\t\t\t\t<\/div>\n\t\t<\/section>\n\t\t\t\t<section class=\"elementor-section elementor-top-section elementor-element elementor-element-eaa510e elementor-section-boxed elementor-section-height-default elementor-section-height-default qodef-elementor-content-no\" data-id=\"eaa510e\" data-element_type=\"section\">\n\t\t\t\t\t\t<div class=\"elementor-container elementor-column-gap-default\">\n\t\t\t\t\t<div class=\"elementor-column elementor-col-100 elementor-top-column elementor-element elementor-element-6bf44c4\" data-id=\"6bf44c4\" data-element_type=\"column\">\n\t\t\t<div class=\"elementor-widget-wrap elementor-element-populated\">\n\t\t\t\t\t\t<div class=\"elementor-element elementor-element-9f44ad5 elementor-widget elementor-widget-text-editor\" data-id=\"9f44ad5\" data-element_type=\"widget\" data-widget_type=\"text-editor.default\">\n\t\t\t\t<div class=\"elementor-widget-container\">\n\t\t\t\t\t\t\t\t\t<p>Recognition Day at PEC \u2763 On Tuesday, May 28, 2025, a moving ceremony was held to honor employees who had completed 20 years of service within the group.<\/p><p>A powerful moment marked by recognition, gratitude, and mutual respect. Their loyalty, dedication, and contribution to the growth of our group deserved a celebration worthy of their accomplishments. Thank you to each of them for sharing this wonderful story.<\/p><p>At PEC, human values \u200b\u200bare at the heart of every success.<\/p>\t\t\t\t\t\t\t\t<\/div>\n\t\t\t\t<\/div>\n\t\t\t\t\t<\/div>\n\t\t<\/div>\n\t\t\t\t\t<\/div>\n\t\t<\/section>\n\t\t\t\t<section class=\"elementor-section elementor-top-section elementor-element elementor-element-b35b880 elementor-section-boxed elementor-section-height-default elementor-section-height-default qodef-elementor-content-no\" data-id=\"b35b880\" data-element_type=\"section\">\n\t\t\t\t\t\t<div class=\"elementor-container elementor-column-gap-default\">\n\t\t\t\t\t<div class=\"elementor-column elementor-col-100 elementor-top-column elementor-element elementor-element-1c3237a\" data-id=\"1c3237a\" data-element_type=\"column\">\n\t\t\t<div class=\"elementor-widget-wrap elementor-element-populated\">\n\t\t\t\t\t\t<div class=\"elementor-element elementor-element-b8a8c3f elementor-widget elementor-widget-text-editor\" data-id=\"b8a8c3f\" data-element_type=\"widget\" data-widget_type=\"text-editor.default\">\n\t\t\t\t<div class=\"elementor-widget-container\">\n\t\t\t\t\t\t\t\t\t<p>A moment filled with emotion, marked by gratitude, joy and team spirit.<br \/>On the occasion of the 20-year career of several employees, Mr. Imed Charfeddine, Founding President and CEO of PEC, personally honored their exceptional achievements by presenting them with a recognition trophy, accompanied by a personalized framed portrait, symbolizing their history within the great PEC family. These presentations were accompanied by smiles, shared memories and an immense feeling of pride.<\/p><p>\ud83e\udd73 And because recognition goes beyond words, this day was also punctuated by games, dances, a raffle, gifts and lots of good humor \ud83c\udf81 At PEC, we know that success is based on the lasting commitment of those who build our future, day after day.<\/p>\t\t\t\t\t\t\t\t<\/div>\n\t\t\t\t<\/div>\n\t\t\t\t\t<\/div>\n\t\t<\/div>\n\t\t\t\t\t<\/div>\n\t\t<\/section>\n\t\t\t\t<section class=\"elementor-section elementor-top-section elementor-element elementor-element-8c70857 elementor-section-boxed elementor-section-height-default elementor-section-height-default qodef-elementor-content-no\" data-id=\"8c70857\" data-element_type=\"section\">\n\t\t\t\t\t\t<div class=\"elementor-container elementor-column-gap-default\">\n\t\t\t\t\t<div class=\"elementor-column elementor-col-100 elementor-top-column elementor-element elementor-element-2cd9ea9\" data-id=\"2cd9ea9\" data-element_type=\"column\">\n\t\t\t<div class=\"elementor-widget-wrap elementor-element-populated\">\n\t\t\t\t\t\t<div class=\"elementor-element elementor-element-958a7c2 elementor-widget elementor-widget-image-gallery\" data-id=\"958a7c2\" data-element_type=\"widget\" data-widget_type=\"image-gallery.default\">\n\t\t\t\t<div class=\"elementor-widget-container\">\n\t\t\t\t\t\t\t<div class=\"elementor-image-gallery\">\n\t\t\t\n\t\t<style type=\"text\/css\">\n\t\t\t#gallery-1 {\n\t\t\t\tmargin: auto;\n\t\t\t}\n\t\t\t#gallery-1 .gallery-item {\n\t\t\t\tfloat: left;\n\t\t\t\tmargin-top: 10px;\n\t\t\t\ttext-align: center;\n\t\t\t\twidth: 33%;\n\t\t\t}\n\t\t\t#gallery-1 img {\n\t\t\t\tborder: 2px solid #cfcfcf;\n\t\t\t}\n\t\t\t#gallery-1 .gallery-caption {\n\t\t\t\tmargin-left: 0;\n\t\t\t}\n\t\t\t\/* see gallery_shortcode() in wp-includes\/media.php *\/\n\t\t<\/style>\n\t\t<div id='gallery-1' class='gallery galleryid-11570 gallery-columns-3 gallery-size-medium_large'><dl class='gallery-item'>\n\t\t\t<dt class='gallery-icon landscape'>\n\t\t\t\t<a data-elementor-open-lightbox=\"yes\" data-elementor-lightbox-slideshow=\"958a7c2\" data-elementor-lightbox-title=\"La journ\u00e9e de reconnaissance\" data-e-action-hash=\"#elementor-action%3Aaction%3Dlightbox%26settings%3DeyJpZCI6MTE1OTcsInVybCI6Imh0dHBzOlwvXC9ncm91cGVwZWMuY29tXC93cC1jb250ZW50XC91cGxvYWRzXC8yMDI1XC8wNlwvTGEtam91cm5lZS1kZS1yZWNvbm5haXNzYW5jZS0uanBnIiwic2xpZGVzaG93IjoiOTU4YTdjMiJ9\" href='https:\/\/groupepec.com\/wp-content\/uploads\/2025\/06\/La-journee-de-reconnaissance-.jpg'><img fetchpriority=\"high\" decoding=\"async\" width=\"768\" height=\"512\" src=\"https:\/\/groupepec.com\/wp-content\/uploads\/2025\/06\/La-journee-de-reconnaissance--768x512.jpg\" class=\"attachment-medium_large size-medium_large\" alt=\"\" srcset=\"https:\/\/groupepec.com\/wp-content\/uploads\/2025\/06\/La-journee-de-reconnaissance--768x512.jpg 768w, https:\/\/groupepec.com\/wp-content\/uploads\/2025\/06\/La-journee-de-reconnaissance--300x200.jpg 300w, https:\/\/groupepec.com\/wp-content\/uploads\/2025\/06\/La-journee-de-reconnaissance--1024x683.jpg 1024w, https:\/\/groupepec.com\/wp-content\/uploads\/2025\/06\/La-journee-de-reconnaissance--1536x1024.jpg 1536w, https:\/\/groupepec.com\/wp-content\/uploads\/2025\/06\/La-journee-de-reconnaissance--18x12.jpg 18w, https:\/\/groupepec.com\/wp-content\/uploads\/2025\/06\/La-journee-de-reconnaissance--600x400.jpg 600w, https:\/\/groupepec.com\/wp-content\/uploads\/2025\/06\/La-journee-de-reconnaissance-.jpg 2048w\" sizes=\"(max-width: 768px) 100vw, 768px\" \/><\/a>\n\t\t\t<\/dt><\/dl><dl class='gallery-item'>\n\t\t\t<dt class='gallery-icon landscape'>\n\t\t\t\t<a data-elementor-open-lightbox=\"yes\" data-elementor-lightbox-slideshow=\"958a7c2\" data-elementor-lightbox-title=\"La journ\u00e9e de reconnaissance\" data-e-action-hash=\"#elementor-action%3Aaction%3Dlightbox%26settings%3DeyJpZCI6MTE1OTgsInVybCI6Imh0dHBzOlwvXC9ncm91cGVwZWMuY29tXC93cC1jb250ZW50XC91cGxvYWRzXC8yMDI1XC8wNlwvTGEtam91cm5lZS1kZS1yZWNvbm5haXNzYW5jZS0xLTEuanBnIiwic2xpZGVzaG93IjoiOTU4YTdjMiJ9\" href='https:\/\/groupepec.com\/wp-content\/uploads\/2025\/06\/La-journee-de-reconnaissance-1-1.jpg'><img decoding=\"async\" width=\"768\" height=\"512\" src=\"https:\/\/groupepec.com\/wp-content\/uploads\/2025\/06\/La-journee-de-reconnaissance-1-1-768x512.jpg\" class=\"attachment-medium_large size-medium_large\" alt=\"\" srcset=\"https:\/\/groupepec.com\/wp-content\/uploads\/2025\/06\/La-journee-de-reconnaissance-1-1-768x512.jpg 768w, https:\/\/groupepec.com\/wp-content\/uploads\/2025\/06\/La-journee-de-reconnaissance-1-1-300x200.jpg 300w, https:\/\/groupepec.com\/wp-content\/uploads\/2025\/06\/La-journee-de-reconnaissance-1-1-1024x683.jpg 1024w, https:\/\/groupepec.com\/wp-content\/uploads\/2025\/06\/La-journee-de-reconnaissance-1-1-1536x1024.jpg 1536w, https:\/\/groupepec.com\/wp-content\/uploads\/2025\/06\/La-journee-de-reconnaissance-1-1-18x12.jpg 18w, https:\/\/groupepec.com\/wp-content\/uploads\/2025\/06\/La-journee-de-reconnaissance-1-1-600x400.jpg 600w, https:\/\/groupepec.com\/wp-content\/uploads\/2025\/06\/La-journee-de-reconnaissance-1-1.jpg 2048w\" sizes=\"(max-width: 768px) 100vw, 768px\" \/><\/a>\n\t\t\t<\/dt><\/dl><dl class='gallery-item'>\n\t\t\t<dt class='gallery-icon landscape'>\n\t\t\t\t<a data-elementor-open-lightbox=\"yes\" data-elementor-lightbox-slideshow=\"958a7c2\" data-elementor-lightbox-title=\"La journ\u00e9e de reconnaissance\" data-e-action-hash=\"#elementor-action%3Aaction%3Dlightbox%26settings%3DeyJpZCI6MTE1OTksInVybCI6Imh0dHBzOlwvXC9ncm91cGVwZWMuY29tXC93cC1jb250ZW50XC91cGxvYWRzXC8yMDI1XC8wNlwvTGEtam91cm5lZS1kZS1yZWNvbm5haXNzYW5jZS5qcGciLCJzbGlkZXNob3ciOiI5NThhN2MyIn0%3D\" href='https:\/\/groupepec.com\/wp-content\/uploads\/2025\/06\/La-journee-de-reconnaissance.jpg'><img decoding=\"async\" width=\"768\" height=\"512\" src=\"https:\/\/groupepec.com\/wp-content\/uploads\/2025\/06\/La-journee-de-reconnaissance-768x512.jpg\" class=\"attachment-medium_large size-medium_large\" alt=\"\" srcset=\"https:\/\/groupepec.com\/wp-content\/uploads\/2025\/06\/La-journee-de-reconnaissance-768x512.jpg 768w, https:\/\/groupepec.com\/wp-content\/uploads\/2025\/06\/La-journee-de-reconnaissance-300x200.jpg 300w, https:\/\/groupepec.com\/wp-content\/uploads\/2025\/06\/La-journee-de-reconnaissance-1024x683.jpg 1024w, https:\/\/groupepec.com\/wp-content\/uploads\/2025\/06\/La-journee-de-reconnaissance-1536x1024.jpg 1536w, https:\/\/groupepec.com\/wp-content\/uploads\/2025\/06\/La-journee-de-reconnaissance-18x12.jpg 18w, https:\/\/groupepec.com\/wp-content\/uploads\/2025\/06\/La-journee-de-reconnaissance-600x400.jpg 600w, https:\/\/groupepec.com\/wp-content\/uploads\/2025\/06\/La-journee-de-reconnaissance.jpg 2048w\" sizes=\"(max-width: 768px) 100vw, 768px\" \/><\/a>\n\t\t\t<\/dt><\/dl><br style=\"clear: both\" \/><dl class='gallery-item'>\n\t\t\t<dt class='gallery-icon landscape'>\n\t\t\t\t<a data-elementor-open-lightbox=\"yes\" data-elementor-lightbox-slideshow=\"958a7c2\" data-elementor-lightbox-title=\"La journ\u00e9e de reconnaissance\" data-e-action-hash=\"#elementor-action%3Aaction%3Dlightbox%26settings%3DeyJpZCI6MTE2MDAsInVybCI6Imh0dHBzOlwvXC9ncm91cGVwZWMuY29tXC93cC1jb250ZW50XC91cGxvYWRzXC8yMDI1XC8wNlwvTGEtam91cm5lZS1kZS1yZWNvbm5haXNzYW5jZS0xLmpwZyIsInNsaWRlc2hvdyI6Ijk1OGE3YzIifQ%3D%3D\" href='https:\/\/groupepec.com\/wp-content\/uploads\/2025\/06\/La-journee-de-reconnaissance-1.jpg'><img loading=\"lazy\" decoding=\"async\" width=\"768\" height=\"512\" src=\"https:\/\/groupepec.com\/wp-content\/uploads\/2025\/06\/La-journee-de-reconnaissance-1-768x512.jpg\" class=\"attachment-medium_large size-medium_large\" alt=\"\" srcset=\"https:\/\/groupepec.com\/wp-content\/uploads\/2025\/06\/La-journee-de-reconnaissance-1-768x512.jpg 768w, https:\/\/groupepec.com\/wp-content\/uploads\/2025\/06\/La-journee-de-reconnaissance-1-300x200.jpg 300w, https:\/\/groupepec.com\/wp-content\/uploads\/2025\/06\/La-journee-de-reconnaissance-1-1024x683.jpg 1024w, https:\/\/groupepec.com\/wp-content\/uploads\/2025\/06\/La-journee-de-reconnaissance-1-1536x1024.jpg 1536w, https:\/\/groupepec.com\/wp-content\/uploads\/2025\/06\/La-journee-de-reconnaissance-1-18x12.jpg 18w, https:\/\/groupepec.com\/wp-content\/uploads\/2025\/06\/La-journee-de-reconnaissance-1-600x400.jpg 600w, https:\/\/groupepec.com\/wp-content\/uploads\/2025\/06\/La-journee-de-reconnaissance-1.jpg 2048w\" sizes=\"(max-width: 768px) 100vw, 768px\" \/><\/a>\n\t\t\t<\/dt><\/dl><dl class='gallery-item'>\n\t\t\t<dt class='gallery-icon landscape'>\n\t\t\t\t<a data-elementor-open-lightbox=\"yes\" data-elementor-lightbox-slideshow=\"958a7c2\" data-elementor-lightbox-title=\"La journ\u00e9e de reconnaissance\" data-e-action-hash=\"#elementor-action%3Aaction%3Dlightbox%26settings%3DeyJpZCI6MTE2MDEsInVybCI6Imh0dHBzOlwvXC9ncm91cGVwZWMuY29tXC93cC1jb250ZW50XC91cGxvYWRzXC8yMDI1XC8wNlwvTGEtam91cm5lZS1kZS1yZWNvbm5haXNzYW5jZS0xLTIuanBnIiwic2xpZGVzaG93IjoiOTU4YTdjMiJ9\" href='https:\/\/groupepec.com\/wp-content\/uploads\/2025\/06\/La-journee-de-reconnaissance-1-2.jpg'><img loading=\"lazy\" decoding=\"async\" width=\"768\" height=\"512\" src=\"https:\/\/groupepec.com\/wp-content\/uploads\/2025\/06\/La-journee-de-reconnaissance-1-2-768x512.jpg\" class=\"attachment-medium_large size-medium_large\" alt=\"\" srcset=\"https:\/\/groupepec.com\/wp-content\/uploads\/2025\/06\/La-journee-de-reconnaissance-1-2-768x512.jpg 768w, https:\/\/groupepec.com\/wp-content\/uploads\/2025\/06\/La-journee-de-reconnaissance-1-2-300x200.jpg 300w, https:\/\/groupepec.com\/wp-content\/uploads\/2025\/06\/La-journee-de-reconnaissance-1-2-1024x683.jpg 1024w, https:\/\/groupepec.com\/wp-content\/uploads\/2025\/06\/La-journee-de-reconnaissance-1-2-1536x1024.jpg 1536w, https:\/\/groupepec.com\/wp-content\/uploads\/2025\/06\/La-journee-de-reconnaissance-1-2-18x12.jpg 18w, https:\/\/groupepec.com\/wp-content\/uploads\/2025\/06\/La-journee-de-reconnaissance-1-2-600x400.jpg 600w, https:\/\/groupepec.com\/wp-content\/uploads\/2025\/06\/La-journee-de-reconnaissance-1-2.jpg 2048w\" sizes=\"(max-width: 768px) 100vw, 768px\" \/><\/a>\n\t\t\t<\/dt><\/dl><dl class='gallery-item'>\n\t\t\t<dt class='gallery-icon landscape'>\n\t\t\t\t<a data-elementor-open-lightbox=\"yes\" data-elementor-lightbox-slideshow=\"958a7c2\" data-elementor-lightbox-title=\"La journ\u00e9e de reconnaissance pec\" data-e-action-hash=\"#elementor-action%3Aaction%3Dlightbox%26settings%3DeyJpZCI6MTE2MDIsInVybCI6Imh0dHBzOlwvXC9ncm91cGVwZWMuY29tXC93cC1jb250ZW50XC91cGxvYWRzXC8yMDI1XC8wNlwvTGEtam91cm5lZS1kZS1yZWNvbm5haXNzYW5jZS1wZWMuanBnIiwic2xpZGVzaG93IjoiOTU4YTdjMiJ9\" href='https:\/\/groupepec.com\/wp-content\/uploads\/2025\/06\/La-journee-de-reconnaissance-pec.jpg'><img loading=\"lazy\" decoding=\"async\" width=\"768\" height=\"512\" src=\"https:\/\/groupepec.com\/wp-content\/uploads\/2025\/06\/La-journee-de-reconnaissance-pec-768x512.jpg\" class=\"attachment-medium_large size-medium_large\" alt=\"\" srcset=\"https:\/\/groupepec.com\/wp-content\/uploads\/2025\/06\/La-journee-de-reconnaissance-pec-768x512.jpg 768w, https:\/\/groupepec.com\/wp-content\/uploads\/2025\/06\/La-journee-de-reconnaissance-pec-300x200.jpg 300w, https:\/\/groupepec.com\/wp-content\/uploads\/2025\/06\/La-journee-de-reconnaissance-pec-1024x683.jpg 1024w, https:\/\/groupepec.com\/wp-content\/uploads\/2025\/06\/La-journee-de-reconnaissance-pec-1536x1024.jpg 1536w, https:\/\/groupepec.com\/wp-content\/uploads\/2025\/06\/La-journee-de-reconnaissance-pec-18x12.jpg 18w, https:\/\/groupepec.com\/wp-content\/uploads\/2025\/06\/La-journee-de-reconnaissance-pec-600x400.jpg 600w, https:\/\/groupepec.com\/wp-content\/uploads\/2025\/06\/La-journee-de-reconnaissance-pec.jpg 2048w\" sizes=\"(max-width: 768px) 100vw, 768px\" \/><\/a>\n\t\t\t<\/dt><\/dl><br style=\"clear: both\" \/><dl class='gallery-item'>\n\t\t\t<dt class='gallery-icon landscape'>\n\t\t\t\t<a data-elementor-open-lightbox=\"yes\" data-elementor-lightbox-slideshow=\"958a7c2\" data-elementor-lightbox-title=\"La journ\u00e9e de reconnaissance pec\" data-e-action-hash=\"#elementor-action%3Aaction%3Dlightbox%26settings%3DeyJpZCI6MTE2MDMsInVybCI6Imh0dHBzOlwvXC9ncm91cGVwZWMuY29tXC93cC1jb250ZW50XC91cGxvYWRzXC8yMDI1XC8wNlwvTGEtam91cm5lZS1kZS1yZWNvbm5haXNzYW5jZS1wZWMtMS5qcGciLCJzbGlkZXNob3ciOiI5NThhN2MyIn0%3D\" href='https:\/\/groupepec.com\/wp-content\/uploads\/2025\/06\/La-journee-de-reconnaissance-pec-1.jpg'><img loading=\"lazy\" decoding=\"async\" width=\"768\" height=\"512\" src=\"https:\/\/groupepec.com\/wp-content\/uploads\/2025\/06\/La-journee-de-reconnaissance-pec-1-768x512.jpg\" class=\"attachment-medium_large size-medium_large\" alt=\"\" srcset=\"https:\/\/groupepec.com\/wp-content\/uploads\/2025\/06\/La-journee-de-reconnaissance-pec-1-768x512.jpg 768w, https:\/\/groupepec.com\/wp-content\/uploads\/2025\/06\/La-journee-de-reconnaissance-pec-1-300x200.jpg 300w, https:\/\/groupepec.com\/wp-content\/uploads\/2025\/06\/La-journee-de-reconnaissance-pec-1-1024x683.jpg 1024w, https:\/\/groupepec.com\/wp-content\/uploads\/2025\/06\/La-journee-de-reconnaissance-pec-1-1536x1024.jpg 1536w, https:\/\/groupepec.com\/wp-content\/uploads\/2025\/06\/La-journee-de-reconnaissance-pec-1-18x12.jpg 18w, https:\/\/groupepec.com\/wp-content\/uploads\/2025\/06\/La-journee-de-reconnaissance-pec-1-600x400.jpg 600w, https:\/\/groupepec.com\/wp-content\/uploads\/2025\/06\/La-journee-de-reconnaissance-pec-1.jpg 2048w\" sizes=\"(max-width: 768px) 100vw, 768px\" \/><\/a>\n\t\t\t<\/dt><\/dl><dl class='gallery-item'>\n\t\t\t<dt class='gallery-icon landscape'>\n\t\t\t\t<a data-elementor-open-lightbox=\"yes\" data-elementor-lightbox-slideshow=\"958a7c2\" data-elementor-lightbox-title=\"La journ\u00e9e de reconnaissance\" data-e-action-hash=\"#elementor-action%3Aaction%3Dlightbox%26settings%3DeyJpZCI6MTE2MDQsInVybCI6Imh0dHBzOlwvXC9ncm91cGVwZWMuY29tXC93cC1jb250ZW50XC91cGxvYWRzXC8yMDI1XC8wNlwvTGEtam91cm5lZS1kZS1yZWNvbm5haXNzYW5jZS0yLmpwZyIsInNsaWRlc2hvdyI6Ijk1OGE3YzIifQ%3D%3D\" href='https:\/\/groupepec.com\/wp-content\/uploads\/2025\/06\/La-journee-de-reconnaissance-2.jpg'><img loading=\"lazy\" decoding=\"async\" width=\"768\" height=\"512\" src=\"https:\/\/groupepec.com\/wp-content\/uploads\/2025\/06\/La-journee-de-reconnaissance-2-768x512.jpg\" class=\"attachment-medium_large size-medium_large\" alt=\"\" srcset=\"https:\/\/groupepec.com\/wp-content\/uploads\/2025\/06\/La-journee-de-reconnaissance-2-768x512.jpg 768w, https:\/\/groupepec.com\/wp-content\/uploads\/2025\/06\/La-journee-de-reconnaissance-2-300x200.jpg 300w, https:\/\/groupepec.com\/wp-content\/uploads\/2025\/06\/La-journee-de-reconnaissance-2-1024x683.jpg 1024w, https:\/\/groupepec.com\/wp-content\/uploads\/2025\/06\/La-journee-de-reconnaissance-2-1536x1024.jpg 1536w, https:\/\/groupepec.com\/wp-content\/uploads\/2025\/06\/La-journee-de-reconnaissance-2-18x12.jpg 18w, https:\/\/groupepec.com\/wp-content\/uploads\/2025\/06\/La-journee-de-reconnaissance-2-600x400.jpg 600w, https:\/\/groupepec.com\/wp-content\/uploads\/2025\/06\/La-journee-de-reconnaissance-2.jpg 2048w\" sizes=\"(max-width: 768px) 100vw, 768px\" \/><\/a>\n\t\t\t<\/dt><\/dl><dl class='gallery-item'>\n\t\t\t<dt class='gallery-icon landscape'>\n\t\t\t\t<a data-elementor-open-lightbox=\"yes\" data-elementor-lightbox-slideshow=\"958a7c2\" data-elementor-lightbox-title=\"La journ\u00e9e de reconnaissance\" data-e-action-hash=\"#elementor-action%3Aaction%3Dlightbox%26settings%3DeyJpZCI6MTE2MDUsInVybCI6Imh0dHBzOlwvXC9ncm91cGVwZWMuY29tXC93cC1jb250ZW50XC91cGxvYWRzXC8yMDI1XC8wNlwvTGEtam91cm5lZS1kZS1yZWNvbm5haXNzYW5jZS0zLmpwZyIsInNsaWRlc2hvdyI6Ijk1OGE3YzIifQ%3D%3D\" href='https:\/\/groupepec.com\/wp-content\/uploads\/2025\/06\/La-journee-de-reconnaissance-3.jpg'><img loading=\"lazy\" decoding=\"async\" width=\"768\" height=\"512\" src=\"https:\/\/groupepec.com\/wp-content\/uploads\/2025\/06\/La-journee-de-reconnaissance-3-768x512.jpg\" class=\"attachment-medium_large size-medium_large\" alt=\"\" srcset=\"https:\/\/groupepec.com\/wp-content\/uploads\/2025\/06\/La-journee-de-reconnaissance-3-768x512.jpg 768w, https:\/\/groupepec.com\/wp-content\/uploads\/2025\/06\/La-journee-de-reconnaissance-3-300x200.jpg 300w, https:\/\/groupepec.com\/wp-content\/uploads\/2025\/06\/La-journee-de-reconnaissance-3-1024x683.jpg 1024w, https:\/\/groupepec.com\/wp-content\/uploads\/2025\/06\/La-journee-de-reconnaissance-3-1536x1024.jpg 1536w, https:\/\/groupepec.com\/wp-content\/uploads\/2025\/06\/La-journee-de-reconnaissance-3-18x12.jpg 18w, https:\/\/groupepec.com\/wp-content\/uploads\/2025\/06\/La-journee-de-reconnaissance-3-600x400.jpg 600w, https:\/\/groupepec.com\/wp-content\/uploads\/2025\/06\/La-journee-de-reconnaissance-3.jpg 2048w\" sizes=\"(max-width: 768px) 100vw, 768px\" \/><\/a>\n\t\t\t<\/dt><\/dl><br style=\"clear: both\" \/><dl class='gallery-item'>\n\t\t\t<dt class='gallery-icon landscape'>\n\t\t\t\t<a data-elementor-open-lightbox=\"yes\" data-elementor-lightbox-slideshow=\"958a7c2\" data-elementor-lightbox-title=\"La journ\u00e9e de reconnaissance\" data-e-action-hash=\"#elementor-action%3Aaction%3Dlightbox%26settings%3DeyJpZCI6MTE2MDYsInVybCI6Imh0dHBzOlwvXC9ncm91cGVwZWMuY29tXC93cC1jb250ZW50XC91cGxvYWRzXC8yMDI1XC8wNlwvTGEtam91cm5lZS1kZS1yZWNvbm5haXNzYW5jZS00LmpwZyIsInNsaWRlc2hvdyI6Ijk1OGE3YzIifQ%3D%3D\" href='https:\/\/groupepec.com\/wp-content\/uploads\/2025\/06\/La-journee-de-reconnaissance-4.jpg'><img loading=\"lazy\" decoding=\"async\" width=\"768\" height=\"512\" src=\"https:\/\/groupepec.com\/wp-content\/uploads\/2025\/06\/La-journee-de-reconnaissance-4-768x512.jpg\" class=\"attachment-medium_large size-medium_large\" alt=\"\" srcset=\"https:\/\/groupepec.com\/wp-content\/uploads\/2025\/06\/La-journee-de-reconnaissance-4-768x512.jpg 768w, https:\/\/groupepec.com\/wp-content\/uploads\/2025\/06\/La-journee-de-reconnaissance-4-300x200.jpg 300w, https:\/\/groupepec.com\/wp-content\/uploads\/2025\/06\/La-journee-de-reconnaissance-4-1024x683.jpg 1024w, https:\/\/groupepec.com\/wp-content\/uploads\/2025\/06\/La-journee-de-reconnaissance-4-1536x1024.jpg 1536w, https:\/\/groupepec.com\/wp-content\/uploads\/2025\/06\/La-journee-de-reconnaissance-4-18x12.jpg 18w, https:\/\/groupepec.com\/wp-content\/uploads\/2025\/06\/La-journee-de-reconnaissance-4-600x400.jpg 600w, https:\/\/groupepec.com\/wp-content\/uploads\/2025\/06\/La-journee-de-reconnaissance-4.jpg 2048w\" sizes=\"(max-width: 768px) 100vw, 768px\" \/><\/a>\n\t\t\t<\/dt><\/dl><dl class='gallery-item'>\n\t\t\t<dt class='gallery-icon landscape'>\n\t\t\t\t<a data-elementor-open-lightbox=\"yes\" data-elementor-lightbox-slideshow=\"958a7c2\" data-elementor-lightbox-title=\"La journ\u00e9e de reconnaissance\" data-e-action-hash=\"#elementor-action%3Aaction%3Dlightbox%26settings%3DeyJpZCI6MTE2MDcsInVybCI6Imh0dHBzOlwvXC9ncm91cGVwZWMuY29tXC93cC1jb250ZW50XC91cGxvYWRzXC8yMDI1XC8wNlwvTGEtam91cm5lZS1kZS1yZWNvbm5haXNzYW5jZS0xLTMuanBnIiwic2xpZGVzaG93IjoiOTU4YTdjMiJ9\" href='https:\/\/groupepec.com\/wp-content\/uploads\/2025\/06\/La-journee-de-reconnaissance-1-3.jpg'><img loading=\"lazy\" decoding=\"async\" width=\"768\" height=\"512\" src=\"https:\/\/groupepec.com\/wp-content\/uploads\/2025\/06\/La-journee-de-reconnaissance-1-3-768x512.jpg\" class=\"attachment-medium_large size-medium_large\" alt=\"\" srcset=\"https:\/\/groupepec.com\/wp-content\/uploads\/2025\/06\/La-journee-de-reconnaissance-1-3-768x512.jpg 768w, https:\/\/groupepec.com\/wp-content\/uploads\/2025\/06\/La-journee-de-reconnaissance-1-3-300x200.jpg 300w, https:\/\/groupepec.com\/wp-content\/uploads\/2025\/06\/La-journee-de-reconnaissance-1-3-1024x683.jpg 1024w, https:\/\/groupepec.com\/wp-content\/uploads\/2025\/06\/La-journee-de-reconnaissance-1-3-1536x1024.jpg 1536w, https:\/\/groupepec.com\/wp-content\/uploads\/2025\/06\/La-journee-de-reconnaissance-1-3-18x12.jpg 18w, https:\/\/groupepec.com\/wp-content\/uploads\/2025\/06\/La-journee-de-reconnaissance-1-3-600x400.jpg 600w, https:\/\/groupepec.com\/wp-content\/uploads\/2025\/06\/La-journee-de-reconnaissance-1-3.jpg 2048w\" sizes=\"(max-width: 768px) 100vw, 768px\" \/><\/a>\n\t\t\t<\/dt><\/dl>\n\t\t\t<br style='clear: both' \/>\n\t\t<\/div>\n\t\t<\/div>\n\t\t\t\t\t\t<\/div>\n\t\t\t\t<\/div>\n\t\t\t\t\t<\/div>\n\t\t<\/div>\n\t\t\t\t\t<\/div>\n\t\t<\/section>\n\t\t\t\t<\/div>","protected":false},"excerpt":{"rendered":"<p>19-06-2025 La Journ\u00e9e de reconnaissance chez PEC \u2763 Mardi 28 mai 2025, une c\u00e9r\u00e9monie \u00e9mouvante a \u00e9t\u00e9 organis\u00e9e pour honorer les collaborateurs ayant accompli 20 ans de service au sein du groupe. Un moment fort, plac\u00e9 sous le signe de la reconnaissance, de la gratitude et du respect mutuel. Leur fid\u00e9lit\u00e9, leur implication et leur [&hellip;]<\/p>\n","protected":false},"author":1,"featured_media":0,"parent":0,"menu_order":0,"comment_status":"closed","ping_status":"closed","template":"","meta":{"footnotes":""},"class_list":["post-11570","page","type-page","status-publish","hentry"],"aioseo_notices":[],"_links":{"self":[{"href":"https:\/\/groupepec.com\/en\/wp-json\/wp\/v2\/pages\/11570","targetHints":{"allow":["GET"]}}],"collection":[{"href":"https:\/\/groupepec.com\/en\/wp-json\/wp\/v2\/pages"}],"about":[{"href":"https:\/\/groupepec.com\/en\/wp-json\/wp\/v2\/types\/page"}],"author":[{"embeddable":true,"href":"https:\/\/groupepec.com\/en\/wp-json\/wp\/v2\/users\/1"}],"replies":[{"embeddable":true,"href":"https:\/\/groupepec.com\/en\/wp-json\/wp\/v2\/comments?post=11570"}],"version-history":[{"count":10,"href":"https:\/\/groupepec.com\/en\/wp-json\/wp\/v2\/pages\/11570\/revisions"}],"predecessor-version":[{"id":11610,"href":"https:\/\/groupepec.com\/en\/wp-json\/wp\/v2\/pages\/11570\/revisions\/11610"}],"wp:attachment":[{"href":"https:\/\/groupepec.com\/en\/wp-json\/wp\/v2\/media?parent=11570"}],"curies":[{"name":"wp","href":"https:\/\/api.w.org\/{rel}","templated":true}]}}