{"id":6105,"date":"2022-01-28T13:52:48","date_gmt":"2022-01-28T13:52:48","guid":{"rendered":"https:\/\/groupepec.com\/BetaPec\/?page_id=6105"},"modified":"2024-04-03T11:00:53","modified_gmt":"2024-04-03T11:00:53","slug":"recrutement","status":"publish","type":"page","link":"https:\/\/groupepec.com\/en\/recrutement\/","title":{"rendered":"Recrutement old"},"content":{"rendered":"<div data-elementor-type=\"wp-page\" data-elementor-id=\"6105\" class=\"elementor elementor-6105\">\n\t\t\t\t\t\t<section class=\"elementor-section elementor-top-section elementor-element elementor-element-88349c2 elementor-section-boxed elementor-section-height-default elementor-section-height-default qodef-elementor-content-no\" data-id=\"88349c2\" data-element_type=\"section\">\n\t\t\t\t\t\t<div class=\"elementor-container elementor-column-gap-default\">\n\t\t\t\t\t<div class=\"elementor-column elementor-col-100 elementor-top-column elementor-element elementor-element-67d851f\" data-id=\"67d851f\" data-element_type=\"column\">\n\t\t\t<div class=\"elementor-widget-wrap elementor-element-populated\">\n\t\t\t\t\t\t<div class=\"elementor-element elementor-element-d37edec elementor-widget elementor-widget-qi_addons_for_elementor_blog_list\" data-id=\"d37edec\" data-element_type=\"widget\" data-widget_type=\"qi_addons_for_elementor_blog_list.default\">\n\t\t\t\t<div class=\"elementor-widget-container\">\n\t\t\t\t\t<div class=\"qodef-shortcode qodef-m qodef-addons-blog-list qodef-info-no-icons qodef-image--hover-zoom qodef-qi-grid qodef-layout--qi-columns qodef-col-num--3 qodef-item-layout--boxed qodef-responsive--predefined\" >\n\t<div class=\"qodef-grid-inner\">\n\t\t<article class=\"qodef-e qodef-blog-item qodef-grid-item qodef-item--huge-square post-11965 post type-post status-publish format-standard has-post-thumbnail hentry category-recrutement\">\n\t<div class=\"qodef-e-inner\">\n\t\t<div class=\"qodef-e-media-holder\">\n\t\t\t<div class=\"qodef-e-media\">\n\t\t<div class=\"qodef-e-media-image\">\n\t\t<a itemprop=\"url\" href=\"https:\/\/groupepec.com\/en\/spcialiste-affaires-rglementaires-ras\/\">\n\t\t\t<img fetchpriority=\"high\" decoding=\"async\" width=\"640\" height=\"800\" src=\"https:\/\/groupepec.com\/wp-content\/uploads\/2026\/03\/image.jpg\" class=\"attachment-qi_addons_for_elementor_image_size_huge-square size-qi_addons_for_elementor_image_size_huge-square\" alt=\"\" srcset=\"https:\/\/groupepec.com\/wp-content\/uploads\/2026\/03\/image.jpg 640w, https:\/\/groupepec.com\/wp-content\/uploads\/2026\/03\/image-240x300.jpg 240w, https:\/\/groupepec.com\/wp-content\/uploads\/2026\/03\/image-10x12.jpg 10w, https:\/\/groupepec.com\/wp-content\/uploads\/2026\/03\/image-600x750.jpg 600w\" sizes=\"(max-width: 640px) 100vw, 640px\" \/>\t\t<\/a>\n\t\t\t<\/div>\n<\/div>\n<div itemprop=\"dateCreated\" class=\"qodef-e-info-item qodef-e-info-date entry-date\">\n\t<a itemprop=\"url\" href=\"https:\/\/groupepec.com\/en\/2026\/03\/\">\n\t\t24 Mar\t<\/a>\n<\/div>\n\t\t<\/div>\n\t\t<div class=\"qodef-e-content\">\n\t\t\t\t\t\t\t<div class=\"qodef-e-info qodef-info--top\">\n\t\t\t\t\t\t\t\t\t<\/div>\n\t\t\t\t\t\t<div class=\"qodef-e-text\">\n\t\t\t\t<h5 itemprop=\"name\" class=\"qodef-e-title entry-title\">\n\t<a itemprop=\"url\" class=\"qodef-e-title-link\" href=\"https:\/\/groupepec.com\/en\/spcialiste-affaires-rglementaires-ras\/\">\n\t\tSp\u00e9cialiste Affaires R\u00e9glementaires (RAS)\t<\/a>\n<\/h5>\n\t\t\t<\/div>\n\t\t\t\t\t\t\t<div class=\"qodef-e-info qodef-info--bottom\">\n\t\t\t\t\t\t<div class=\"qodef-e-read-more\">\n\t\t<a class=\"qodef-shortcode qodef-m qodef-qi-button qodef-html--link qodef-layout--textual qodef-type--standard qodef-icon--right qodef-hover--icon-move-horizontal-short\" href=\"https:\/\/groupepec.com\/en\/spcialiste-affaires-rglementaires-ras\/\" target=\"_self\">\t<span class=\"qodef-m-text\">To apply<\/span>\t\t<span class=\"qodef-m-icon qodef--icon-color-set\">\t\t<span class=\"qodef-m-icon-inner\">\t\t\t<i aria-hidden=\"true\" class=\"fas fa-arrow-right\"><\/i>\t\t\t\t\t<\/span>\t<\/span><\/a>\t<\/div>\n\t\t\t\t<\/div>\n\t\t\t\t\t<\/div>\n\t<\/div>\n<\/article>\n<article class=\"qodef-e qodef-blog-item qodef-grid-item qodef-item--huge-square post-11969 post type-post status-publish format-standard has-post-thumbnail hentry category-recrutement\">\n\t<div class=\"qodef-e-inner\">\n\t\t<div class=\"qodef-e-media-holder\">\n\t\t\t<div class=\"qodef-e-media\">\n\t\t<div class=\"qodef-e-media-image\">\n\t\t<a itemprop=\"url\" href=\"https:\/\/groupepec.com\/en\/spcialiste-qualit-senior\/\">\n\t\t\t<img fetchpriority=\"high\" decoding=\"async\" width=\"640\" height=\"800\" src=\"https:\/\/groupepec.com\/wp-content\/uploads\/2026\/03\/image.jpg\" class=\"attachment-qi_addons_for_elementor_image_size_huge-square size-qi_addons_for_elementor_image_size_huge-square\" alt=\"\" srcset=\"https:\/\/groupepec.com\/wp-content\/uploads\/2026\/03\/image.jpg 640w, https:\/\/groupepec.com\/wp-content\/uploads\/2026\/03\/image-240x300.jpg 240w, https:\/\/groupepec.com\/wp-content\/uploads\/2026\/03\/image-10x12.jpg 10w, https:\/\/groupepec.com\/wp-content\/uploads\/2026\/03\/image-600x750.jpg 600w\" sizes=\"(max-width: 640px) 100vw, 640px\" \/>\t\t<\/a>\n\t\t\t<\/div>\n<\/div>\n<div itemprop=\"dateCreated\" class=\"qodef-e-info-item qodef-e-info-date entry-date\">\n\t<a itemprop=\"url\" href=\"https:\/\/groupepec.com\/en\/2026\/03\/\">\n\t\t24 Mar\t<\/a>\n<\/div>\n\t\t<\/div>\n\t\t<div class=\"qodef-e-content\">\n\t\t\t\t\t\t\t<div class=\"qodef-e-info qodef-info--top\">\n\t\t\t\t\t\t\t\t\t<\/div>\n\t\t\t\t\t\t<div class=\"qodef-e-text\">\n\t\t\t\t<h5 itemprop=\"name\" class=\"qodef-e-title entry-title\">\n\t<a itemprop=\"url\" class=\"qodef-e-title-link\" href=\"https:\/\/groupepec.com\/en\/spcialiste-qualit-senior\/\">\n\t\tSp\u00e9cialiste Qualit\u00e9 Senior\t<\/a>\n<\/h5>\n\t\t\t<\/div>\n\t\t\t\t\t\t\t<div class=\"qodef-e-info qodef-info--bottom\">\n\t\t\t\t\t\t<div class=\"qodef-e-read-more\">\n\t\t<a class=\"qodef-shortcode qodef-m qodef-qi-button qodef-html--link qodef-layout--textual qodef-type--standard qodef-icon--right qodef-hover--icon-move-horizontal-short\" href=\"https:\/\/groupepec.com\/en\/spcialiste-qualit-senior\/\" target=\"_self\">\t<span class=\"qodef-m-text\">To apply<\/span>\t\t<span class=\"qodef-m-icon qodef--icon-color-set\">\t\t<span class=\"qodef-m-icon-inner\">\t\t\t<i aria-hidden=\"true\" class=\"fas fa-arrow-right\"><\/i>\t\t\t\t\t<\/span>\t<\/span><\/a>\t<\/div>\n\t\t\t\t<\/div>\n\t\t\t\t\t<\/div>\n\t<\/div>\n<\/article>\n<article class=\"qodef-e qodef-blog-item qodef-grid-item qodef-item--huge-square post-11970 post type-post status-publish format-standard has-post-thumbnail hentry category-recrutement\">\n\t<div class=\"qodef-e-inner\">\n\t\t<div class=\"qodef-e-media-holder\">\n\t\t\t<div class=\"qodef-e-media\">\n\t\t<div class=\"qodef-e-media-image\">\n\t\t<a itemprop=\"url\" href=\"https:\/\/groupepec.com\/en\/spcialiste-qualit-rglementation-conception-dqrs\/\">\n\t\t\t<img fetchpriority=\"high\" decoding=\"async\" width=\"640\" height=\"800\" src=\"https:\/\/groupepec.com\/wp-content\/uploads\/2026\/03\/image.jpg\" class=\"attachment-qi_addons_for_elementor_image_size_huge-square size-qi_addons_for_elementor_image_size_huge-square\" alt=\"\" srcset=\"https:\/\/groupepec.com\/wp-content\/uploads\/2026\/03\/image.jpg 640w, https:\/\/groupepec.com\/wp-content\/uploads\/2026\/03\/image-240x300.jpg 240w, https:\/\/groupepec.com\/wp-content\/uploads\/2026\/03\/image-10x12.jpg 10w, https:\/\/groupepec.com\/wp-content\/uploads\/2026\/03\/image-600x750.jpg 600w\" sizes=\"(max-width: 640px) 100vw, 640px\" \/>\t\t<\/a>\n\t\t\t<\/div>\n<\/div>\n<div itemprop=\"dateCreated\" class=\"qodef-e-info-item qodef-e-info-date entry-date\">\n\t<a itemprop=\"url\" href=\"https:\/\/groupepec.com\/en\/2026\/03\/\">\n\t\t24 Mar\t<\/a>\n<\/div>\n\t\t<\/div>\n\t\t<div class=\"qodef-e-content\">\n\t\t\t\t\t\t\t<div class=\"qodef-e-info qodef-info--top\">\n\t\t\t\t\t\t\t\t\t<\/div>\n\t\t\t\t\t\t<div class=\"qodef-e-text\">\n\t\t\t\t<h5 itemprop=\"name\" class=\"qodef-e-title entry-title\">\n\t<a itemprop=\"url\" class=\"qodef-e-title-link\" href=\"https:\/\/groupepec.com\/en\/spcialiste-qualit-rglementation-conception-dqrs\/\">\n\t\tSp\u00e9cialiste Qualit\u00e9 &#038; R\u00e9glementation \u2013 Conception (DQRS)\t<\/a>\n<\/h5>\n\t\t\t<\/div>\n\t\t\t\t\t\t\t<div class=\"qodef-e-info qodef-info--bottom\">\n\t\t\t\t\t\t<div class=\"qodef-e-read-more\">\n\t\t<a class=\"qodef-shortcode qodef-m qodef-qi-button qodef-html--link qodef-layout--textual qodef-type--standard qodef-icon--right qodef-hover--icon-move-horizontal-short\" href=\"https:\/\/groupepec.com\/en\/spcialiste-qualit-rglementation-conception-dqrs\/\" target=\"_self\">\t<span class=\"qodef-m-text\">To apply<\/span>\t\t<span class=\"qodef-m-icon qodef--icon-color-set\">\t\t<span class=\"qodef-m-icon-inner\">\t\t\t<i aria-hidden=\"true\" class=\"fas fa-arrow-right\"><\/i>\t\t\t\t\t<\/span>\t<\/span><\/a>\t<\/div>\n\t\t\t\t<\/div>\n\t\t\t\t\t<\/div>\n\t<\/div>\n<\/article>\n\t<\/div>\n\t<\/div>\n\t\t\t\t<\/div>\n\t\t\t\t<\/div>\n\t\t\t\t\t<\/div>\n\t\t<\/div>\n\t\t\t\t\t<\/div>\n\t\t<\/section>\n\t\t\t\t<\/div>","protected":false},"excerpt":{"rendered":"<p>28 Jan un ing\u00e9nieur m\u00e9canique-\u00e9lectrom\u00e9canique Postuler<\/p>","protected":false},"author":1,"featured_media":0,"parent":0,"menu_order":0,"comment_status":"closed","ping_status":"closed","template":"page-full-width.php","meta":{"footnotes":""},"class_list":["post-6105","page","type-page","status-publish","hentry"],"aioseo_notices":[],"_links":{"self":[{"href":"https:\/\/groupepec.com\/en\/wp-json\/wp\/v2\/pages\/6105","targetHints":{"allow":["GET"]}}],"collection":[{"href":"https:\/\/groupepec.com\/en\/wp-json\/wp\/v2\/pages"}],"about":[{"href":"https:\/\/groupepec.com\/en\/wp-json\/wp\/v2\/types\/page"}],"author":[{"embeddable":true,"href":"https:\/\/groupepec.com\/en\/wp-json\/wp\/v2\/users\/1"}],"replies":[{"embeddable":true,"href":"https:\/\/groupepec.com\/en\/wp-json\/wp\/v2\/comments?post=6105"}],"version-history":[{"count":6,"href":"https:\/\/groupepec.com\/en\/wp-json\/wp\/v2\/pages\/6105\/revisions"}],"predecessor-version":[{"id":11234,"href":"https:\/\/groupepec.com\/en\/wp-json\/wp\/v2\/pages\/6105\/revisions\/11234"}],"wp:attachment":[{"href":"https:\/\/groupepec.com\/en\/wp-json\/wp\/v2\/media?parent=6105"}],"curies":[{"name":"wp","href":"https:\/\/api.w.org\/{rel}","templated":true}]}}