{"id":7860,"date":"2022-02-03T16:04:06","date_gmt":"2022-02-03T16:04:06","guid":{"rendered":"https:\/\/groupepec.com\/BetaPec\/pec-maroc-copy\/"},"modified":"2026-02-19T09:00:01","modified_gmt":"2026-02-19T09:00:01","slug":"pec-chine","status":"publish","type":"page","link":"https:\/\/groupepec.com\/en\/pec-chine\/","title":{"rendered":"PEC China"},"content":{"rendered":"<div data-elementor-type=\"wp-page\" data-elementor-id=\"7860\" class=\"elementor elementor-7860\">\n\t\t\t\t\t\t<section class=\"elementor-section elementor-top-section elementor-element elementor-element-835423d elementor-hidden-desktop elementor-section-boxed elementor-section-height-default elementor-section-height-default qodef-elementor-content-no\" data-id=\"835423d\" data-element_type=\"section\">\n\t\t\t\t\t\t<div class=\"elementor-container elementor-column-gap-default\">\n\t\t\t\t\t<div class=\"elementor-column elementor-col-100 elementor-top-column elementor-element elementor-element-174173f\" data-id=\"174173f\" data-element_type=\"column\">\n\t\t\t<div class=\"elementor-widget-wrap elementor-element-populated\">\n\t\t\t\t\t\t<div class=\"elementor-element elementor-element-9dd9d69 elementor-widget elementor-widget-image\" data-id=\"9dd9d69\" data-element_type=\"widget\" data-widget_type=\"image.default\">\n\t\t\t\t<div class=\"elementor-widget-container\">\n\t\t\t\t\t\t\t\t\t\t\t\t\t\t\t<img decoding=\"async\" width=\"286\" height=\"66\" src=\"https:\/\/groupepec.com\/wp-content\/uploads\/2022\/01\/Pec-chine.png\" class=\"attachment-large size-large wp-image-6145\" alt=\"\" \/>\t\t\t\t\t\t\t\t\t\t\t\t\t\t\t<\/div>\n\t\t\t\t<\/div>\n\t\t\t\t\t<\/div>\n\t\t<\/div>\n\t\t\t\t\t<\/div>\n\t\t<\/section>\n\t\t\t\t<section class=\"elementor-section elementor-top-section elementor-element elementor-element-8f360f1 qodef-elementor-content-grid elementor-section-boxed elementor-section-height-default elementor-section-height-default\" data-id=\"8f360f1\" data-element_type=\"section\">\n\t\t\t\t\t\t<div class=\"elementor-container elementor-column-gap-default\">\n\t\t\t\t\t<div class=\"elementor-column elementor-col-50 elementor-top-column elementor-element elementor-element-a887b8d\" data-id=\"a887b8d\" data-element_type=\"column\">\n\t\t\t<div class=\"elementor-widget-wrap elementor-element-populated\">\n\t\t\t\t\t\t<div class=\"elementor-element elementor-element-f35811a elementor-widget elementor-widget-stal_core_section_title\" data-id=\"f35811a\" data-element_type=\"widget\" data-widget_type=\"stal_core_section_title.default\">\n\t\t\t\t<div class=\"elementor-widget-container\">\n\t\t\t\t\t<div class=\"qodef-shortcode qodef-m  qodef-section-title qodef-alignment--left  qodef-title-with-tagline\">\n\t\t<div class=\"qodef-m-title-wrap\">\n\t        <h6 class=\"qodef-m-title-tagline\" >Pec China<\/h6>\n    \t<h3 class=\"qodef-m-title\" >\n\t\t\t\t\tAbout us\t\t\t<\/h3>\n\t\n\t<\/div>\n\t<\/div>\t\t\t\t<\/div>\n\t\t\t\t<\/div>\n\t\t\t\t<div class=\"elementor-element elementor-element-15dcaa5 elementor-widget elementor-widget-text-editor\" data-id=\"15dcaa5\" data-element_type=\"widget\" data-widget_type=\"text-editor.default\">\n\t\t\t\t<div class=\"elementor-widget-container\">\n\t\t\t\t\t\t\t\t\t<p><strong style=\"color: #e2161c;\"><br \/>PEC China<\/strong> aims to design and implement Molds that adhere to European standards for:<\/p><ul><li>Plastic injection<\/li><li>Zamak injection<\/li><li>Extrusion blow molding<\/li><li>Prototyping<\/li><\/ul><p>We collaborate with local suppliers, carefully selected and audited by us.<br \/>Notre localisation nous permet de b\u00e9n\u00e9ficier de ressources puisque l&rsquo;industrie des moules est le principal moteur \u00e9conomique de la r\u00e9gion de Ningbo.<\/p>\t\t\t\t\t\t\t\t<\/div>\n\t\t\t\t<\/div>\n\t\t\t\t<section class=\"elementor-section elementor-inner-section elementor-element elementor-element-26023af elementor-hidden-desktop elementor-section-boxed elementor-section-height-default elementor-section-height-default qodef-elementor-content-no\" data-id=\"26023af\" data-element_type=\"section\">\n\t\t\t\t\t\t<div class=\"elementor-container elementor-column-gap-default\">\n\t\t\t\t\t<div class=\"elementor-column elementor-col-25 elementor-inner-column elementor-element elementor-element-8557003\" data-id=\"8557003\" data-element_type=\"column\">\n\t\t\t<div class=\"elementor-widget-wrap elementor-element-populated\">\n\t\t\t\t\t\t<div class=\"elementor-element elementor-element-b5da6e2 elementor-widget elementor-widget-image\" data-id=\"b5da6e2\" data-element_type=\"widget\" data-widget_type=\"image.default\">\n\t\t\t\t<div class=\"elementor-widget-container\">\n\t\t\t\t\t\t\t\t\t\t\t\t\t\t\t<img decoding=\"async\" width=\"150\" height=\"150\" src=\"https:\/\/groupepec.com\/wp-content\/uploads\/2022\/02\/Afaq-14001-150x150.png\" class=\"attachment-thumbnail size-thumbnail wp-image-6514\" alt=\"\" srcset=\"https:\/\/groupepec.com\/wp-content\/uploads\/2022\/02\/Afaq-14001-150x150.png 150w, https:\/\/groupepec.com\/wp-content\/uploads\/2022\/02\/Afaq-14001-82x82.png 82w, https:\/\/groupepec.com\/wp-content\/uploads\/2022\/02\/Afaq-14001-100x100.png 100w\" sizes=\"(max-width: 150px) 100vw, 150px\" \/>\t\t\t\t\t\t\t\t\t\t\t\t\t\t\t<\/div>\n\t\t\t\t<\/div>\n\t\t\t\t\t<\/div>\n\t\t<\/div>\n\t\t\t\t<div class=\"elementor-column elementor-col-25 elementor-inner-column elementor-element elementor-element-67c512a\" data-id=\"67c512a\" data-element_type=\"column\">\n\t\t\t<div class=\"elementor-widget-wrap elementor-element-populated\">\n\t\t\t\t\t\t<div class=\"elementor-element elementor-element-5193330 elementor-widget elementor-widget-image\" data-id=\"5193330\" data-element_type=\"widget\" data-widget_type=\"image.default\">\n\t\t\t\t<div class=\"elementor-widget-container\">\n\t\t\t\t\t\t\t\t\t\t\t\t\t\t\t<img decoding=\"async\" width=\"150\" height=\"150\" src=\"https:\/\/groupepec.com\/wp-content\/uploads\/2022\/02\/Afaq-16949-150x150.png\" class=\"attachment-thumbnail size-thumbnail wp-image-6513\" alt=\"\" srcset=\"https:\/\/groupepec.com\/wp-content\/uploads\/2022\/02\/Afaq-16949-150x150.png 150w, https:\/\/groupepec.com\/wp-content\/uploads\/2022\/02\/Afaq-16949-82x82.png 82w, https:\/\/groupepec.com\/wp-content\/uploads\/2022\/02\/Afaq-16949-100x100.png 100w\" sizes=\"(max-width: 150px) 100vw, 150px\" \/>\t\t\t\t\t\t\t\t\t\t\t\t\t\t\t<\/div>\n\t\t\t\t<\/div>\n\t\t\t\t\t<\/div>\n\t\t<\/div>\n\t\t\t\t<div class=\"elementor-column elementor-col-25 elementor-inner-column elementor-element elementor-element-b0b5bb0\" data-id=\"b0b5bb0\" data-element_type=\"column\">\n\t\t\t<div class=\"elementor-widget-wrap elementor-element-populated\">\n\t\t\t\t\t\t<div class=\"elementor-element elementor-element-3e1f45b elementor-widget elementor-widget-image\" data-id=\"3e1f45b\" data-element_type=\"widget\" data-widget_type=\"image.default\">\n\t\t\t\t<div class=\"elementor-widget-container\">\n\t\t\t\t\t\t\t\t\t\t\t\t\t\t\t<img loading=\"lazy\" decoding=\"async\" width=\"150\" height=\"150\" src=\"https:\/\/groupepec.com\/wp-content\/uploads\/2022\/02\/Afaq-9001-150x150.png\" class=\"attachment-thumbnail size-thumbnail wp-image-6512\" alt=\"\" srcset=\"https:\/\/groupepec.com\/wp-content\/uploads\/2022\/02\/Afaq-9001-150x150.png 150w, https:\/\/groupepec.com\/wp-content\/uploads\/2022\/02\/Afaq-9001-82x82.png 82w, https:\/\/groupepec.com\/wp-content\/uploads\/2022\/02\/Afaq-9001-100x100.png 100w\" sizes=\"(max-width: 150px) 100vw, 150px\" \/>\t\t\t\t\t\t\t\t\t\t\t\t\t\t\t<\/div>\n\t\t\t\t<\/div>\n\t\t\t\t\t<\/div>\n\t\t<\/div>\n\t\t\t\t<div class=\"elementor-column elementor-col-25 elementor-inner-column elementor-element elementor-element-4474179\" data-id=\"4474179\" data-element_type=\"column\">\n\t\t\t<div class=\"elementor-widget-wrap\">\n\t\t\t\t\t\t\t<\/div>\n\t\t<\/div>\n\t\t\t\t\t<\/div>\n\t\t<\/section>\n\t\t\t\t\t<\/div>\n\t\t<\/div>\n\t\t\t\t<div class=\"elementor-column elementor-col-50 elementor-top-column elementor-element elementor-element-1ca1827\" data-id=\"1ca1827\" data-element_type=\"column\">\n\t\t\t<div class=\"elementor-widget-wrap elementor-element-populated\">\n\t\t\t\t\t\t<div class=\"elementor-element elementor-element-b79c4f8 elementor-hidden-tablet elementor-hidden-mobile elementor-widget elementor-widget-image\" data-id=\"b79c4f8\" data-element_type=\"widget\" data-widget_type=\"image.default\">\n\t\t\t\t<div class=\"elementor-widget-container\">\n\t\t\t\t\t\t\t\t\t\t\t\t\t\t\t<img decoding=\"async\" width=\"286\" height=\"66\" src=\"https:\/\/groupepec.com\/wp-content\/uploads\/2022\/01\/Pec-chine.png\" class=\"attachment-large size-large wp-image-6145\" alt=\"\" \/>\t\t\t\t\t\t\t\t\t\t\t\t\t\t\t<\/div>\n\t\t\t\t<\/div>\n\t\t\t\t<div class=\"elementor-element elementor-element-dbfdd17 elementor-hidden-tablet elementor-hidden-mobile elementor-icon-list--layout-traditional elementor-list-item-link-full_width elementor-widget elementor-widget-icon-list\" data-id=\"dbfdd17\" data-element_type=\"widget\" data-widget_type=\"icon-list.default\">\n\t\t\t\t<div class=\"elementor-widget-container\">\n\t\t\t\t\t\t\t<ul class=\"elementor-icon-list-items\">\n\t\t\t\t\t\t\t<li class=\"elementor-icon-list-item\">\n\t\t\t\t\t\t\t\t\t\t\t<span class=\"elementor-icon-list-icon\">\n\t\t\t\t\t\t\t<i aria-hidden=\"true\" class=\"fas fa-map-marker-alt\"><\/i>\t\t\t\t\t\t<\/span>\n\t\t\t\t\t\t\t\t\t\t<span class=\"elementor-icon-list-text\">Address : B-09-501, No.5045 Wai Qing Shong Rd. Qingpu District, 201707 Shanghai. P.R.China.<\/span>\n\t\t\t\t\t\t\t\t\t<\/li>\n\t\t\t\t\t\t<\/ul>\n\t\t\t\t\t\t<\/div>\n\t\t\t\t<\/div>\n\t\t\t\t\t<\/div>\n\t\t<\/div>\n\t\t\t\t\t<\/div>\n\t\t<\/section>\n\t\t\t\t<section class=\"elementor-section elementor-top-section elementor-element elementor-element-dfc1f75 qodef-elementor-content-grid elementor-section-stretched elementor-section-boxed elementor-section-height-default elementor-section-height-default\" data-id=\"dfc1f75\" data-element_type=\"section\" data-settings=\"{&quot;stretch_section&quot;:&quot;section-stretched&quot;}\">\n\t\t\t\t\t\t<div class=\"elementor-container elementor-column-gap-default\">\n\t\t\t\t\t<div class=\"elementor-column elementor-col-50 elementor-top-column elementor-element elementor-element-a156cdb\" data-id=\"a156cdb\" data-element_type=\"column\">\n\t\t\t<div class=\"elementor-widget-wrap elementor-element-populated\">\n\t\t\t\t\t\t<div class=\"elementor-element elementor-element-20a5c8b elementor-widget elementor-widget-stal_core_section_title\" data-id=\"20a5c8b\" data-element_type=\"widget\" data-widget_type=\"stal_core_section_title.default\">\n\t\t\t\t<div class=\"elementor-widget-container\">\n\t\t\t\t\t<div class=\"qodef-shortcode qodef-m  qodef-section-title qodef-alignment--left\">\n\t\t<div class=\"qodef-m-title-wrap\">\n\t\t<h2 class=\"qodef-m-title\" >\n\t\t\t\t\tSpecialization:\t\t\t<\/h2>\n\t\n\t<\/div>\n\t<\/div>\t\t\t\t<\/div>\n\t\t\t\t<\/div>\n\t\t\t\t<section class=\"elementor-section elementor-inner-section elementor-element elementor-element-8661a80 elementor-section-boxed elementor-section-height-default elementor-section-height-default qodef-elementor-content-no\" data-id=\"8661a80\" data-element_type=\"section\">\n\t\t\t\t\t\t<div class=\"elementor-container elementor-column-gap-default\">\n\t\t\t\t\t<div class=\"elementor-column elementor-col-50 elementor-inner-column elementor-element elementor-element-a262da0\" data-id=\"a262da0\" data-element_type=\"column\">\n\t\t\t<div class=\"elementor-widget-wrap elementor-element-populated\">\n\t\t\t\t\t\t<div class=\"elementor-element elementor-element-7c4cb4b elementor-widget elementor-widget-stal_core_section_title\" data-id=\"7c4cb4b\" data-element_type=\"widget\" data-widget_type=\"stal_core_section_title.default\">\n\t\t\t\t<div class=\"elementor-widget-container\">\n\t\t\t\t\t<div class=\"qodef-shortcode qodef-m  qodef-section-title qodef-alignment--left\">\n\t\t<\/div>\t\t\t\t<\/div>\n\t\t\t\t<\/div>\n\t\t\t\t<div class=\"elementor-element elementor-element-c6df463 elementor-widget elementor-widget-stal_core_icon_list_item\" data-id=\"c6df463\" data-element_type=\"widget\" data-widget_type=\"stal_core_icon_list_item.default\">\n\t\t\t\t<div class=\"elementor-widget-container\">\n\t\t\t\t\t<div class=\"qodef-icon-list-item qodef-icon--icon-pack qodef-alignment--center\" >\n\t<p class=\"qodef-e-title\" style=\"color: #000000\">\n\t\t\t\t\t<span class=\"qodef-e-title-inner\">\n\t\t\t\t<span class=\"qodef-shortcode qodef-m  qodef-icon-holder qodef-size--default qodef-layout--normal\"  >\t        <span class=\"qodef-icon-ionicons ion-ios-square qodef-icon qodef-e\" style=\"color: #EE0D08;font-size: 10px\" ><\/span>    <\/span>\t\t\t\t<span class=\"qodef-e-title-text\" >Research and development<\/span>\n\t\t\t<\/span>\n\t\t\t<\/p>\n<\/div>\t\t\t\t<\/div>\n\t\t\t\t<\/div>\n\t\t\t\t\t<\/div>\n\t\t<\/div>\n\t\t\t\t<div class=\"elementor-column elementor-col-50 elementor-inner-column elementor-element elementor-element-0b04716\" data-id=\"0b04716\" data-element_type=\"column\">\n\t\t\t<div class=\"elementor-widget-wrap elementor-element-populated\">\n\t\t\t\t\t\t<div class=\"elementor-element elementor-element-a4c48d3 elementor-widget elementor-widget-stal_core_icon_list_item\" data-id=\"a4c48d3\" data-element_type=\"widget\" data-widget_type=\"stal_core_icon_list_item.default\">\n\t\t\t\t<div class=\"elementor-widget-container\">\n\t\t\t\t\t<div class=\"qodef-icon-list-item qodef-icon--icon-pack qodef-alignment--center\" >\n\t<p class=\"qodef-e-title\" style=\"color: #000000\">\n\t\t\t\t\t<span class=\"qodef-e-title-inner\">\n\t\t\t\t<span class=\"qodef-shortcode qodef-m  qodef-icon-holder qodef-size--default qodef-layout--normal\"  >\t        <span class=\"qodef-icon-ionicons ion-ios-square qodef-icon qodef-e\" style=\"color: #EE0D08;font-size: 10px\" ><\/span>    <\/span>\t\t\t\t<span class=\"qodef-e-title-text\" >CMS14-Mersen rheological study<\/span>\n\t\t\t<\/span>\n\t\t\t<\/p>\n<\/div>\t\t\t\t<\/div>\n\t\t\t\t<\/div>\n\t\t\t\t\t<\/div>\n\t\t<\/div>\n\t\t\t\t\t<\/div>\n\t\t<\/section>\n\t\t\t\t\t<\/div>\n\t\t<\/div>\n\t\t\t\t<div class=\"elementor-column elementor-col-50 elementor-top-column elementor-element elementor-element-af02b07\" data-id=\"af02b07\" data-element_type=\"column\">\n\t\t\t<div class=\"elementor-widget-wrap elementor-element-populated\">\n\t\t\t\t\t\t<div class=\"elementor-element elementor-element-5a250b9 elementor-widget elementor-widget-stal_core_cards_gallery\" data-id=\"5a250b9\" data-element_type=\"widget\" data-widget_type=\"stal_core_cards_gallery.default\">\n\t\t\t\t<div class=\"elementor-widget-container\">\n\t\t\t\t\t<div class=\"qodef-shortcode qodef-m  qodef-cards-gallery qodef-orientation--right qodef-gallery--disabled qodef-animation--bundle\">\n\t<div class=\"qodef-e-inner\">\n\t\t\t\t\t<div class=\"qodef-m-card\">\n\t\t\t\t<div class=\"qodef-m-bundle-item\" data-bundle-move-top=\"300\">\n\t\t\t\t\t\t\t\t\t\t\t<img decoding=\"async\" src=\"https:\/\/groupepec.com\/wp-content\/uploads\/2022\/02\/Image-1-5.jpg\" alt=\"\" \/>\n\t\t\t\t\t\t\t\t\t<\/div>\n\t\t\t<\/div>\n\t\t\t<\/div>\n\t<div class=\"qodef-m-fake-card\">\n\t\t\t\t<img decoding=\"async\" src=\"https:\/\/groupepec.com\/wp-content\/uploads\/2022\/02\/Image-1-5.jpg\" alt=\"\" \/>\n\t<\/div>\n<\/div>\t\t\t\t<\/div>\n\t\t\t\t<\/div>\n\t\t\t\t\t<\/div>\n\t\t<\/div>\n\t\t\t\t\t<\/div>\n\t\t<\/section>\n\t\t\t\t<section class=\"elementor-section elementor-top-section elementor-element elementor-element-24034e0 qodef-elementor-content-grid elementor-section-stretched elementor-section-boxed elementor-section-height-default elementor-section-height-default\" data-id=\"24034e0\" data-element_type=\"section\" data-settings=\"{&quot;stretch_section&quot;:&quot;section-stretched&quot;}\">\n\t\t\t\t\t\t<div class=\"elementor-container elementor-column-gap-default\">\n\t\t\t\t\t<div class=\"elementor-column elementor-col-50 elementor-top-column elementor-element elementor-element-ecb77dd\" data-id=\"ecb77dd\" data-element_type=\"column\">\n\t\t\t<div class=\"elementor-widget-wrap elementor-element-populated\">\n\t\t\t\t\t\t<div class=\"elementor-element elementor-element-0501437 elementor-widget elementor-widget-stal_core_section_title\" data-id=\"0501437\" data-element_type=\"widget\" data-widget_type=\"stal_core_section_title.default\">\n\t\t\t\t<div class=\"elementor-widget-container\">\n\t\t\t\t\t<div class=\"qodef-shortcode qodef-m  qodef-section-title qodef-alignment--left  qodef-title-with-tagline\">\n\t\t<div class=\"qodef-m-title-wrap\">\n\t        <h6 class=\"qodef-m-title-tagline\" >Pec China<\/h6>\n    \t<h3 class=\"qodef-m-title\" >\n\t\t\t\t\tProducts\t\t\t<\/h3>\n\t\n\t<\/div>\n\t<\/div>\t\t\t\t<\/div>\n\t\t\t\t<\/div>\n\t\t\t\t<div class=\"elementor-element elementor-element-ae068ac elementor-widget elementor-widget-stal_core_image_gallery\" data-id=\"ae068ac\" data-element_type=\"widget\" data-widget_type=\"stal_core_image_gallery.default\">\n\t\t\t\t<div class=\"elementor-widget-container\">\n\t\t\t\t\t<div class=\"qodef-shortcode qodef-m  qodef-image-gallery  qodef-grid qodef-layout--columns  qodef-gutter--no qodef-col-num--2  qodef-responsive--predefined\">\n    <div class=\"qodef-grid-inner clear\">\n\t\t<div class=\"qodef-e qodef-image-wrapper qodef-grid-item\">\n\t\t\t<img loading=\"lazy\" decoding=\"async\" width=\"1300\" height=\"673\" src=\"https:\/\/groupepec.com\/wp-content\/uploads\/2022\/02\/Produit-1-6.jpg\" class=\"attachment-full size-full\" alt=\"\" srcset=\"https:\/\/groupepec.com\/wp-content\/uploads\/2022\/02\/Produit-1-6.jpg 1300w, https:\/\/groupepec.com\/wp-content\/uploads\/2022\/02\/Produit-1-6-300x155.jpg 300w, https:\/\/groupepec.com\/wp-content\/uploads\/2022\/02\/Produit-1-6-1024x530.jpg 1024w, https:\/\/groupepec.com\/wp-content\/uploads\/2022\/02\/Produit-1-6-768x398.jpg 768w, https:\/\/groupepec.com\/wp-content\/uploads\/2022\/02\/Produit-1-6-600x311.jpg 600w\" sizes=\"(max-width: 1300px) 100vw, 1300px\" \/>\t<\/div><div class=\"qodef-e qodef-image-wrapper qodef-grid-item\">\n\t\t\t<img loading=\"lazy\" decoding=\"async\" width=\"1300\" height=\"673\" src=\"https:\/\/groupepec.com\/wp-content\/uploads\/2022\/02\/Produit-2-6.jpg\" class=\"attachment-full size-full\" alt=\"\" srcset=\"https:\/\/groupepec.com\/wp-content\/uploads\/2022\/02\/Produit-2-6.jpg 1300w, https:\/\/groupepec.com\/wp-content\/uploads\/2022\/02\/Produit-2-6-300x155.jpg 300w, https:\/\/groupepec.com\/wp-content\/uploads\/2022\/02\/Produit-2-6-1024x530.jpg 1024w, https:\/\/groupepec.com\/wp-content\/uploads\/2022\/02\/Produit-2-6-768x398.jpg 768w, https:\/\/groupepec.com\/wp-content\/uploads\/2022\/02\/Produit-2-6-600x311.jpg 600w\" sizes=\"(max-width: 1300px) 100vw, 1300px\" \/>\t<\/div><div class=\"qodef-e qodef-image-wrapper qodef-grid-item\">\n\t\t\t<img loading=\"lazy\" decoding=\"async\" width=\"1300\" height=\"673\" src=\"https:\/\/groupepec.com\/wp-content\/uploads\/2022\/02\/Produit-3-6.jpg\" class=\"attachment-full size-full\" alt=\"\" srcset=\"https:\/\/groupepec.com\/wp-content\/uploads\/2022\/02\/Produit-3-6.jpg 1300w, https:\/\/groupepec.com\/wp-content\/uploads\/2022\/02\/Produit-3-6-300x155.jpg 300w, https:\/\/groupepec.com\/wp-content\/uploads\/2022\/02\/Produit-3-6-1024x530.jpg 1024w, https:\/\/groupepec.com\/wp-content\/uploads\/2022\/02\/Produit-3-6-768x398.jpg 768w, https:\/\/groupepec.com\/wp-content\/uploads\/2022\/02\/Produit-3-6-600x311.jpg 600w\" sizes=\"(max-width: 1300px) 100vw, 1300px\" \/>\t<\/div><div class=\"qodef-e qodef-image-wrapper qodef-grid-item\">\n\t\t\t<img loading=\"lazy\" decoding=\"async\" width=\"1300\" height=\"673\" src=\"https:\/\/groupepec.com\/wp-content\/uploads\/2022\/06\/Photo-de-moule-3.jpg\" class=\"attachment-full size-full\" alt=\"\" srcset=\"https:\/\/groupepec.com\/wp-content\/uploads\/2022\/06\/Photo-de-moule-3.jpg 1300w, https:\/\/groupepec.com\/wp-content\/uploads\/2022\/06\/Photo-de-moule-3-300x155.jpg 300w, https:\/\/groupepec.com\/wp-content\/uploads\/2022\/06\/Photo-de-moule-3-1024x530.jpg 1024w, https:\/\/groupepec.com\/wp-content\/uploads\/2022\/06\/Photo-de-moule-3-768x398.jpg 768w, https:\/\/groupepec.com\/wp-content\/uploads\/2022\/06\/Photo-de-moule-3-600x311.jpg 600w\" sizes=\"(max-width: 1300px) 100vw, 1300px\" \/>\t<\/div><div class=\"qodef-e qodef-image-wrapper qodef-grid-item\">\n\t\t\t<img loading=\"lazy\" decoding=\"async\" width=\"1300\" height=\"673\" src=\"https:\/\/groupepec.com\/wp-content\/uploads\/2022\/06\/Photo-de-moule-2.jpg\" class=\"attachment-full size-full\" alt=\"\" srcset=\"https:\/\/groupepec.com\/wp-content\/uploads\/2022\/06\/Photo-de-moule-2.jpg 1300w, https:\/\/groupepec.com\/wp-content\/uploads\/2022\/06\/Photo-de-moule-2-300x155.jpg 300w, https:\/\/groupepec.com\/wp-content\/uploads\/2022\/06\/Photo-de-moule-2-1024x530.jpg 1024w, https:\/\/groupepec.com\/wp-content\/uploads\/2022\/06\/Photo-de-moule-2-768x398.jpg 768w, https:\/\/groupepec.com\/wp-content\/uploads\/2022\/06\/Photo-de-moule-2-600x311.jpg 600w\" sizes=\"(max-width: 1300px) 100vw, 1300px\" \/>\t<\/div><div class=\"qodef-e qodef-image-wrapper qodef-grid-item\">\n\t\t\t<img loading=\"lazy\" decoding=\"async\" width=\"1300\" height=\"673\" src=\"https:\/\/groupepec.com\/wp-content\/uploads\/2022\/06\/Photo-de-moule-1.jpg\" class=\"attachment-full size-full\" alt=\"\" srcset=\"https:\/\/groupepec.com\/wp-content\/uploads\/2022\/06\/Photo-de-moule-1.jpg 1300w, https:\/\/groupepec.com\/wp-content\/uploads\/2022\/06\/Photo-de-moule-1-300x155.jpg 300w, https:\/\/groupepec.com\/wp-content\/uploads\/2022\/06\/Photo-de-moule-1-1024x530.jpg 1024w, https:\/\/groupepec.com\/wp-content\/uploads\/2022\/06\/Photo-de-moule-1-768x398.jpg 768w, https:\/\/groupepec.com\/wp-content\/uploads\/2022\/06\/Photo-de-moule-1-600x311.jpg 600w\" sizes=\"(max-width: 1300px) 100vw, 1300px\" \/>\t<\/div>    <\/div>\n<\/div>\t\t\t\t<\/div>\n\t\t\t\t<\/div>\n\t\t\t\t\t<\/div>\n\t\t<\/div>\n\t\t\t\t<div class=\"elementor-column elementor-col-50 elementor-top-column elementor-element elementor-element-775cda6\" data-id=\"775cda6\" data-element_type=\"column\">\n\t\t\t<div class=\"elementor-widget-wrap\">\n\t\t\t\t\t\t\t<\/div>\n\t\t<\/div>\n\t\t\t\t\t<\/div>\n\t\t<\/section>\n\t\t\t\t<section class=\"elementor-section elementor-top-section elementor-element elementor-element-ad0f235 elementor-hidden-desktop elementor-section-boxed elementor-section-height-default elementor-section-height-default qodef-elementor-content-no\" data-id=\"ad0f235\" data-element_type=\"section\">\n\t\t\t\t\t\t<div class=\"elementor-container elementor-column-gap-default\">\n\t\t\t\t\t<div class=\"elementor-column elementor-col-100 elementor-top-column elementor-element elementor-element-92cb09c\" data-id=\"92cb09c\" data-element_type=\"column\">\n\t\t\t<div class=\"elementor-widget-wrap elementor-element-populated\">\n\t\t\t\t\t\t<div class=\"elementor-element elementor-element-883db72 elementor-icon-list--layout-traditional elementor-list-item-link-full_width elementor-widget elementor-widget-icon-list\" data-id=\"883db72\" data-element_type=\"widget\" data-widget_type=\"icon-list.default\">\n\t\t\t\t<div class=\"elementor-widget-container\">\n\t\t\t\t\t\t\t<ul class=\"elementor-icon-list-items\">\n\t\t\t\t\t\t\t<li class=\"elementor-icon-list-item\">\n\t\t\t\t\t\t\t\t\t\t\t<span class=\"elementor-icon-list-icon\">\n\t\t\t\t\t\t\t<i aria-hidden=\"true\" class=\"fas fa-map-marker-alt\"><\/i>\t\t\t\t\t\t<\/span>\n\t\t\t\t\t\t\t\t\t\t<span class=\"elementor-icon-list-text\">Address : B-09-501, No.5045 Wai Qing Shong Rd. Qingpu District, 201707 Shanghai. P.R.China.<\/span>\n\t\t\t\t\t\t\t\t\t<\/li>\n\t\t\t\t\t\t\t\t<li class=\"elementor-icon-list-item\">\n\t\t\t\t\t\t\t\t\t\t\t<span class=\"elementor-icon-list-icon\">\n\t\t\t\t\t\t\t<i aria-hidden=\"true\" class=\"fas fa-phone-alt\"><\/i>\t\t\t\t\t\t<\/span>\n\t\t\t\t\t\t\t\t\t\t<span class=\"elementor-icon-list-text\">Phone. : +33 241 809200<\/span>\n\t\t\t\t\t\t\t\t\t<\/li>\n\t\t\t\t\t\t\t\t<li class=\"elementor-icon-list-item\">\n\t\t\t\t\t\t\t\t\t\t\t<span class=\"elementor-icon-list-icon\">\n\t\t\t\t\t\t\t<i aria-hidden=\"true\" class=\"fas fa-fax\"><\/i>\t\t\t\t\t\t<\/span>\n\t\t\t\t\t\t\t\t\t\t<span class=\"elementor-icon-list-text\">Fax :  +33 241 8209219<\/span>\n\t\t\t\t\t\t\t\t\t<\/li>\n\t\t\t\t\t\t<\/ul>\n\t\t\t\t\t\t<\/div>\n\t\t\t\t<\/div>\n\t\t\t\t\t<\/div>\n\t\t<\/div>\n\t\t\t\t\t<\/div>\n\t\t<\/section>\n\t\t\t\t<\/div>","protected":false},"excerpt":{"rendered":"<p>Pec Chine Qui sommes-nous ? PEC Chine vise \u00e0 concevoir et \u00e0 mettre en \u0153uvre des moules aux normes europ\u00e9ennes pour: Injection de plastique Injection de Zamak Extrusion soufflage Prototypage Nous travaillons avec des fournisseurs locaux, s\u00e9lectionn\u00e9s et audit\u00e9s par nos soins.Notre localisation nous permet de b\u00e9n\u00e9ficier de ressources puisque l&rsquo;industrie des moules est le [&hellip;]<\/p>\n","protected":false},"author":1,"featured_media":0,"parent":0,"menu_order":0,"comment_status":"closed","ping_status":"closed","template":"page-full-width.php","meta":{"footnotes":""},"class_list":["post-7860","page","type-page","status-publish","hentry"],"aioseo_notices":[],"_links":{"self":[{"href":"https:\/\/groupepec.com\/en\/wp-json\/wp\/v2\/pages\/7860","targetHints":{"allow":["GET"]}}],"collection":[{"href":"https:\/\/groupepec.com\/en\/wp-json\/wp\/v2\/pages"}],"about":[{"href":"https:\/\/groupepec.com\/en\/wp-json\/wp\/v2\/types\/page"}],"author":[{"embeddable":true,"href":"https:\/\/groupepec.com\/en\/wp-json\/wp\/v2\/users\/1"}],"replies":[{"embeddable":true,"href":"https:\/\/groupepec.com\/en\/wp-json\/wp\/v2\/comments?post=7860"}],"version-history":[{"count":72,"href":"https:\/\/groupepec.com\/en\/wp-json\/wp\/v2\/pages\/7860\/revisions"}],"predecessor-version":[{"id":11848,"href":"https:\/\/groupepec.com\/en\/wp-json\/wp\/v2\/pages\/7860\/revisions\/11848"}],"wp:attachment":[{"href":"https:\/\/groupepec.com\/en\/wp-json\/wp\/v2\/media?parent=7860"}],"curies":[{"name":"wp","href":"https:\/\/api.w.org\/{rel}","templated":true}]}}